{"id":2161,"date":"2024-07-10T12:13:26","date_gmt":"2024-07-10T12:13:26","guid":{"rendered":"https:\/\/salon223.im3dia.net\/politica-de-cookies\/"},"modified":"2024-07-16T12:48:24","modified_gmt":"2024-07-16T12:48:24","slug":"politica-de-cookies","status":"publish","type":"page","link":"https:\/\/salon223.com\/ca\/politica-de-cookies\/","title":{"rendered":"Pol\u00edtica de Cookies"},"content":{"rendered":"\t\t<div data-elementor-type=\"wp-page\" data-elementor-id=\"2161\" class=\"elementor elementor-2161 elementor-1850\" data-elementor-post-type=\"page\">\n\t\t\t\t<div class=\"elementor-element elementor-element-519bc652 e-flex e-con-boxed e-con e-parent\" data-id=\"519bc652\" data-element_type=\"container\" data-e-type=\"container\">\n\t\t\t\t\t<div class=\"e-con-inner\">\n\t\t\t\t<div class=\"elementor-element elementor-element-69867732 elementor-widget elementor-widget-text-editor\" data-id=\"69867732\" data-element_type=\"widget\" data-e-type=\"widget\" data-widget_type=\"text-editor.default\">\n\t\t\t\t<div class=\"elementor-widget-container\">\n\t\t\t\t\t\t\t\t\t<h4>QU\u00c8 S\u00d3N LES COOKIES I PER A QU\u00c8 LES USEM?<\/h4>\n<\/p>\n<p>Una galeta o galeta inform\u00e0tica \u00e9s un petit arxiu d&#8217;informaci\u00f3 que es guarda al teu ordinador, \u201csmartphone\u201d o tauleta cada cop que visites la nostra p\u00e0gina web.<\/p>\n<\/p>\n<p>En principi, una galeta \u00e9s inofensiva: no cont\u00e9 virus, troians, cucs, etc. que puguin danyar el teu terminal, per\u00f2 s\u00ed que t\u00e9 cert impacte sobre el teu dret a la protecci\u00f3 de les teves dades personals, ja que recull determinada informaci\u00f3 concernent a la teva persona (h\u00e0bits de navegaci\u00f3, identitat, prefer\u00e8ncies, etc.).<\/p>\n<\/p>\n<p>\u00c9s per aix\u00f2 que, en base al que estableix la normativa aplicable (LSSI i normativa vigent de protecci\u00f3 de dades personals), l&#8217;activaci\u00f3 de determinats tipus de cookies necessitar\u00e0 de la teva autoritzaci\u00f3 pr\u00e8via.<\/p>\n<\/p>\n<p>Abans d&#8217;aix\u00f2, us donarem alguna informaci\u00f3 addicional que us ajudar\u00e0 a una millor presa de decisions sobre aix\u00f2:<\/p>\n<\/p>\n<p>Les galetes poden ser de diversos tipus en funci\u00f3 de la seva finalitat:<\/p>\n<p>Les cookies t\u00e8cniques s\u00f3n necess\u00e0ries perqu\u00e8 la nostra p\u00e0gina web pugui funcionar, no necessiten la teva autoritzaci\u00f3 i s\u00f3n les \u00faniques que tenim activades per defecte.<\/p>\n<\/p>\n<p>La resta de cookies serveixen per millorar la nostra p\u00e0gina, per personalitzar-la en base a les teves prefer\u00e8ncies, o per poder mostrar publicitat ajustada a les teves cerques, gustos i interessos personals. Pots acceptar totes aquestes cookies prement el bot\u00f3 ACCEPTA TOT o configurar-les o rebutjar-ne l&#8217;\u00fas clicant a l&#8217;apartat CONFIGURACI\u00d3 DE COOKIES.  <\/p>\n<\/p>\n<h5>El seu estat actual:<\/h5>\n<\/p>\n<p>Consentiment acceptat Permetre totes les cookies (Funcional, Rendiment, Anal\u00edtica, Anunci publicitari, Altres, Necess\u00e0ria). Gestiona el teu consentiment.<\/p>\n<\/p>\n<p>Algunes cookies s\u00f3n les nostres (les anomenarem cookies pr\u00f2pies) i d&#8217;altres pertanyen a empreses externes que presten serveis per a la nostra p\u00e0gina web (les anomenarem cookies de tercers: un exemple podrien ser les cookies de prove\u00efdors externs com Google). En aquest sentit, \u00e9s important que s\u00e0pigues que alguns dels prove\u00efdors externs esmentats poden estar ubicats fora d&#8217;Espanya. A nivell mundial, no tots els pa\u00efsos tenen un mateix nivell de protecci\u00f3 de dades, i hi ha alguns pa\u00efsos m\u00e9s segurs que altres (per exemple, la Uni\u00f3 Europea \u00e9s un entorn segur per a les teves dades). La nostra pol\u00edtica \u00e9s rec\u00f3rrer a prove\u00efdors de confian\u00e7a que, amb independ\u00e8ncia que es trobin o no ubicats a la Uni\u00f3 Europea, hagin adoptat les garanties adequades per a la protecci\u00f3 de la teva informaci\u00f3 personal. No obstant aix\u00f2, a l&#8217;apartat denominat QUIN TIPUS DE COOKIES S&#8217;UTILITZEN ACTUALMENT A LA NOSTRA P\u00c0GINA WEB? pots consultar les diferents Pol\u00edtiques de privadesa i protecci\u00f3 de dades de cadascun dels referits prove\u00efdors externs, a fi de prendre una decisi\u00f3 conscient sobre l&#8217;activaci\u00f3 o no de les cookies de tercers que utilitza la nostra p\u00e0gina web.<\/p>\n<\/p>\n<p>Finalment, indicar-te que, en funci\u00f3 del termini de temps que romanen actives, les galetes poden ser de dos tipus:<\/p>\n<\/p>\n<p>Cookies de sessi\u00f3: expiren autom\u00e0ticament quan acabes la sessi\u00f3 al teu ordinador, \u201csmartphone\u201d o tauleta. Solen fer-se servir per conservar la informaci\u00f3 necess\u00e0ria mentre se&#8217;t presta un servei en una sola ocasi\u00f3.<\/p>\n<\/p>\n<p>Cookies persistents: romanen emmagatzemades al teu ordinador, \u201csmartphone\u201d o tauleta durant un per\u00edode determinat, que pot variar des d&#8217;uns minuts fins a diversos anys.<\/p>\n<\/p>\n<h4>QUIN TIPUS DE COOKIES PODEM UTILITZAR A LA NOSTRA P\u00c0GINA WEB?<\/h4>\n<h5> <\/h5>\n<h5>Cookies T\u00e8cniques:<\/h5>\n<\/p>\n<p>Les cookies t\u00e8cniques s\u00f3n estrictament necess\u00e0ries perqu\u00e8 la nostra p\u00e0gina web funcioni i puguis navegar-hi. Aquest tipus de galetes s\u00f3n les que, per exemple, ens permeten identificar-te, donar-te acc\u00e9s a determinades parts restringides de la p\u00e0gina si fos necessari, o recordar diferents opcions o serveis ja seleccionats per tu, com les teves prefer\u00e8ncies de privadesa. Per aix\u00f2, estan activades per defecte, i no \u00e9s necess\u00e0ria la teva autoritzaci\u00f3 sobre aix\u00f2.<\/p>\n<p>A trav\u00e9s de la configuraci\u00f3 del vostre navegador, pots bloquejar o alertar de la pres\u00e8ncia d&#8217;aquest tipus de cookies, si b\u00e9 aquest bloqueig afectar\u00e0 el funcionament correcte de les diferents funcionalitats de la nostra p\u00e0gina web.<\/p>\n<\/p>\n<h5>Cookies d&#8217;An\u00e0lisi:<\/h5>\n<\/p>\n<p>Les galetes d&#8217;an\u00e0lisi ens permeten estudiar la navegaci\u00f3 dels usuaris de la nostra p\u00e0gina web en general (per exemple, quines seccions de la p\u00e0gina s\u00f3n les m\u00e9s visitades, quins serveis es fan servir m\u00e9s i si funcionen correctament, etc.).<\/p>\n<p>A partir de la informaci\u00f3 estad\u00edstica sobre la navegaci\u00f3 a la nostra p\u00e0gina web, podem millorar tant el propi funcionament de la p\u00e0gina com els diferents serveis que ofereix. Per tant, aquestes galetes no tenen una finalitat publicit\u00e0ria, sin\u00f3 que \u00fanicament serveixen perqu\u00e8 la nostra p\u00e0gina web funcioni millor, adaptant-se als nostres usuaris en general. Activant-les contribuir\u00e0s a aquesta millora cont\u00ednua.<\/p>\n<p>Podeu activar o desactivar aquestes galetes marcant la casella corresponent, estant desactivades per defecte.<\/p>\n<\/p>\n<h4><strong>Cookies de Funcionalitat i Personalitzaci\u00f3:<\/strong><\/h4>\n<\/p>\n<p>Les cookies de funcionalitat ens permeten recordar les teves prefer\u00e8ncies, per personalitzar a la teva mida determinades caracter\u00edstiques i opcions generals de la nostra p\u00e0gina web, cada vegada que hi accedeixis (per exemple, l&#8217;idioma en qu\u00e8 se&#8217;t presenta la informaci\u00f3, les seccions marcades com preferides, el teu tipus de navegador, etc.).<\/p>\n<p>Per tant, aquest tipus de galetes no tenen una finalitat publicit\u00e0ria, sin\u00f3 que activant-les millorar\u00e0s la funcionalitat de la p\u00e0gina web (per exemple, adaptant-se al teu tipus de navegador) i la personalitzaci\u00f3 de la mateixa en base a les teves prefer\u00e8ncies (per exemple, presentant la informaci\u00f3 en l&#8217;idioma que hagis triat anteriorment), la qual cosa contribuir\u00e0 a la facilitat, usabilitat i comoditat de la nostra p\u00e0gina durant la teva navegaci\u00f3.<\/p>\n<p>Podeu activar o desactivar aquestes galetes marcant la casella corresponent, estant desactivades per defecte.<\/p>\n<\/p>\n<h5>Cookies de Publicitat:<\/h5>\n<\/p>\n<p>Les galetes de publicitat ens permeten la gesti\u00f3 dels espais publicitaris inclosos a la nostra p\u00e0gina web en base a criteris com el contingut mostrat o la freq\u00fc\u00e8ncia en qu\u00e8 es mostren els anuncis.<\/p>\n<p>Aix\u00ed, per exemple, si se t&#8217;ha mostrat diverses vegades un mateix anunci a la nostra p\u00e0gina web, i no has mostrat un inter\u00e8s personal fent-hi clic, aquest no tornar\u00e0 a apar\u00e8ixer. En resum, activant aquest tipus de cookies, la publicitat mostrada a la nostra p\u00e0gina web ser\u00e0 m\u00e9s \u00fatil i diversa, i menys repetitiva.<\/p>\n<p>Podeu activar o desactivar aquestes galetes marcant la casella corresponent, estant desactivades per defecte.<\/p>\n<\/p>\n<h5>Cookies de Publicitat Comportamental:<\/h5>\n<\/p>\n<p>Les cookies de publicitat comportamental ens permeten obtenir informaci\u00f3 basada en l&#8217;observaci\u00f3 dels teus h\u00e0bits i comportaments de navegaci\u00f3 a la web, a fi de poder mostrar continguts publicitaris que s&#8217;ajustin millor als teus gustos i interessos personals.<\/p>\n<\/p>\n<p>Perqu\u00e8 ho entenguis de manera molt senzilla, et posarem un exemple fictici: si les teves darreres cerques a la web estiguessin relacionades amb literatura de suspens, et mostrar\u00edem publicitat sobre llibres de suspens.<\/p>\n<\/p>\n<p>Per tant, activant aquest tipus de cookies, la publicitat que us mostrem a la nostra p\u00e0gina web no ser\u00e0 gen\u00e8rica, sin\u00f3 que estar\u00e0 orientada a les vostres cerques, gustos i interessos, ajustant-se per tant exclusivament a tu.<\/p>\n<\/p>\n<p>Podeu activar o desactivar aquestes galetes marcant la casella corresponent, estant desactivades per defecte.<\/p>\n\t\t\t\t\t\t\t\t<\/div>\n\t\t\t\t<\/div>\n\t\t\t\t<div class=\"elementor-element elementor-element-f2ae5d1 elementor-widget elementor-widget-html\" data-id=\"f2ae5d1\" data-element_type=\"widget\" data-e-type=\"widget\" data-widget_type=\"html.default\">\n\t\t\t\t<div class=\"elementor-widget-container\">\n\t\t\t\t\t<div class=\"cky-audit-table-element\"><\/div>\t\t\t\t<\/div>\n\t\t\t\t<\/div>\n\t\t\t\t\t<\/div>\n\t\t\t\t<\/div>\n\t\t<div class=\"elementor-element elementor-element-f432c5b e-flex e-con-boxed e-con e-parent\" data-id=\"f432c5b\" data-element_type=\"container\" data-e-type=\"container\">\n\t\t\t\t\t<div class=\"e-con-inner\">\n\t\t\t\t<div class=\"elementor-element elementor-element-93ed7af elementor-widget elementor-widget-text-editor\" data-id=\"93ed7af\" data-element_type=\"widget\" data-e-type=\"widget\" data-widget_type=\"text-editor.default\">\n\t\t\t\t<div class=\"elementor-widget-container\">\n\t\t\t\t\t\t\t\t\t<div class=\"elementor-element elementor-element-da08c9a elementor-widget elementor-widget-text-editor\" data-id=\"da08c9a\" data-element_type=\"widget\" data-widget_type=\"text-editor.default\">\n<h4 class=\"elementor-widget-container\"> <\/h4>\n<\/div>\n<div class=\"elementor-element elementor-element-c795e79 elementor-widget elementor-widget-html\" data-id=\"c795e79\" data-element_type=\"widget\" data-widget_type=\"html.default\">\n<div class=\"elementor-widget-container\">\n<h4 class=\"cky-audit-table-element\"><span style=\"color: #000000; font-size: 20px;\">QU\u00c8 POTS FER AMB LES COOKIES?<\/span><\/h4>\n<div> <\/div>\n<\/div>\n<\/div>\n<div class=\"elementor-element elementor-element-0f47dc2 elementor-widget elementor-widget-text-editor\" data-id=\"0f47dc2\" data-element_type=\"widget\" data-widget_type=\"text-editor.default\">\n<div class=\"elementor-widget-container\">\n<p>Quan accedeixes per primera vegada a la nostra p\u00e0gina web, se&#8217;t mostra una finestra on t&#8217;informem que les cookies poden ser de diversos tipus:<\/p>\n<\/p>\n<p>Les cookies t\u00e8cniques s\u00f3n necess\u00e0ries perqu\u00e8 la nostra p\u00e0gina web pugui funcionar, no necessiten la teva autoritzaci\u00f3 i s\u00f3n les \u00faniques que tenim activades per defecte.<\/p>\n<\/p>\n<p>La resta de cookies serveixen per millorar la nostra p\u00e0gina, per personalitzar-la en base a les teves prefer\u00e8ncies, o per poder mostrar publicitat ajustada a les teves cerques, gustos i interessos personals. Pots acceptar totes aquestes cookies prement el bot\u00f3 ACCEPTA TOT o configurar-les o rebutjar-ne l&#8217;\u00fas clicant a l&#8217;apartat CONFIGURACI\u00d3 DE COOKIES.<\/p>\n<\/p>\n<p>Informar-te tamb\u00e9 que, una vegada hagis activat qualsevol tipus de cookies, tens la possibilitat de desactivar-les en el moment que vulguis, amb el simple pas de desmarcar la casella corresponent a l&#8217;apartat CONFIGURACI\u00d3 DE COOKIES de la nostra p\u00e0gina web. Sempre ser\u00e0 tan senzill per a tu activar les nostres cookies pr\u00f2pies com desactivar-les.<\/p>\n<\/p>\n<p>Recordar-te aix\u00ed mateix que, a trav\u00e9s de la configuraci\u00f3 del teu navegador, pots bloquejar o alertar de la pres\u00e8ncia de cookies, si b\u00e9 aquest bloqueig pot afectar el funcionament correcte de les diferents funcionalitats de la nostra p\u00e0gina web en el cas de les cookies t\u00e8cniques necess\u00e0ries.<\/p>\n<\/p>\n<p>Finalment, indicar-te que, si actives cookies de tercers (empreses externes que presten serveis per a la nostra p\u00e0gina web) i posteriorment desitges desactivar-les, podr\u00e0s fer-ho de dues maneres: usant les eines de desactivaci\u00f3 de cookies del teu navegador oa trav\u00e9s dels propis sistemes habilitats per aquests prove\u00efdors externs.<\/p>\n<\/p>\n<p>Perqu\u00e8 us sigui molt m\u00e9s f\u00e0cil, a continuaci\u00f3 us relacionem una s\u00e8rie d&#8217;enlla\u00e7os a les pautes de desactivaci\u00f3 de cookies dels navegadors d&#8217;\u00fas com\u00fa:<\/p>\n<p>Chrome: <a href=\"https:\/\/support.google.com\/accounts\/answer\/32050\">Enlla\u00e7<\/a><\/p>\n<p>Safari: <a href=\"https:\/\/support.apple.com\/en-in\/guide\/safari\/sfri11471\/mac\" target=\"_blank\" rel=\"noopener\">https:\/\/support.apple.com\/en-in\/guide\/safari\/sfri11471\/mac<\/a><\/p>\n<p>Firefox: <a href=\"https:\/\/support.mozilla.org\/en-US\/kb\/clear-cookies-and-site-data-firefox?redirectslug=delete-cookies-remove-info-websites-stored&amp;redirectlocale=en-US\" target=\"_blank\" rel=\"noopener\">https:\/\/support.mozilla.org\/en-US\/kb\/clear-cookies-and-site-data-firefox?redirectslug=delete-cookies-remove-info-websites-stored&amp;redirectlocale=en-US<\/a><\/p>\n<p>Internet Explorer: <a href=\"https:\/\/support.microsoft.com\/en-us\/topic\/how-to-delete-cookie-files-in-internet-explorer-bca9446f-d873-78de-77ba-d42645fa52fc\" target=\"_blank\" rel=\"noopener\">https:\/\/support.microsoft.com\/en-us\/topic\/how-to-delete-cookie-files-in-internet-explorer-bca9446f-d873-78de-77ba-d42645fa52fc<\/a><\/p>\n<\/p>\n<p>Aix\u00ed mateix, et relacionem els enlla\u00e7os als sistemes propis habilitats per cadascun dels referits prove\u00efdors externs per a la desactivaci\u00f3 de les cookies:<\/p>\n<p><a href=\"http:\/\/www.google.com\/intl\/es\/policies\/privacy\/\">Enlla\u00e7<\/a><\/p>\n<\/div>\n<\/div>\n\t\t\t\t\t\t\t\t<\/div>\n\t\t\t\t<\/div>\n\t\t\t\t<div class=\"elementor-element elementor-element-297fa63 elementor-widget elementor-widget-spacer\" data-id=\"297fa63\" data-element_type=\"widget\" data-e-type=\"widget\" data-widget_type=\"spacer.default\">\n\t\t\t\t<div class=\"elementor-widget-container\">\n\t\t\t\t\t\t\t<div class=\"elementor-spacer\">\n\t\t\t<div class=\"elementor-spacer-inner\"><\/div>\n\t\t<\/div>\n\t\t\t\t\t\t<\/div>\n\t\t\t\t<\/div>\n\t\t\t\t<div class=\"elementor-element elementor-element-0380a64 elementor-widget elementor-widget-image\" data-id=\"0380a64\" data-element_type=\"widget\" data-e-type=\"widget\" data-widget_type=\"image.default\">\n\t\t\t\t<div class=\"elementor-widget-container\">\n\t\t\t\t\t\t\t\t\t\t\t\t\t\t\t<img decoding=\"async\" width=\"402\" height=\"115\" src=\"https:\/\/salon223.com\/wp-content\/uploads\/2024\/07\/LogosFinanciacionNegro.png\" class=\"attachment-large size-large wp-image-1806\" alt=\"\" \/>\t\t\t\t\t\t\t\t\t\t\t\t\t\t\t<\/div>\n\t\t\t\t<\/div>\n\t\t\t\t\t<\/div>\n\t\t\t\t<\/div>\n\t\t\t\t<\/div>\n\t\t","protected":false},"excerpt":{"rendered":"<p>QU\u00c8 S\u00d3N LES COOKIES I PER A QU\u00c8 LES USEM? Una galeta o galeta inform\u00e0tica \u00e9s un petit arxiu d&#8217;informaci\u00f3&hellip; <a class=\"more-link\" href=\"https:\/\/salon223.com\/ca\/politica-de-cookies\/\">Read more &raquo;<\/a><\/p>\n","protected":false},"author":1,"featured_media":0,"parent":0,"menu_order":0,"comment_status":"closed","ping_status":"closed","template":"","meta":{"footnotes":""},"class_list":["post-2161","page","type-page","status-publish","hentry"],"yoast_head":"<!-- This site is optimized with the Yoast SEO plugin v27.5 - https:\/\/yoast.com\/product\/yoast-seo-wordpress\/ -->\n<title>Pol\u00edtica de Cookies - SALON 223<\/title>\n<meta name=\"robots\" content=\"index, follow, max-snippet:-1, max-image-preview:large, max-video-preview:-1\" \/>\n<link rel=\"canonical\" href=\"https:\/\/salon223.com\/ca\/politica-de-cookies\/\" \/>\n<meta property=\"og:locale\" content=\"ca_ES\" \/>\n<meta property=\"og:type\" content=\"article\" \/>\n<meta property=\"og:title\" content=\"Pol\u00edtica de Cookies - SALON 223\" \/>\n<meta property=\"og:description\" content=\"QU\u00c8 S\u00d3N LES COOKIES I PER A QU\u00c8 LES USEM? Una galeta o galeta inform\u00e0tica \u00e9s un petit arxiu d&#8217;informaci\u00f3&hellip; Read more &raquo;\" \/>\n<meta property=\"og:url\" content=\"https:\/\/salon223.com\/ca\/politica-de-cookies\/\" \/>\n<meta property=\"og:site_name\" content=\"SALON 223\" \/>\n<meta property=\"article:publisher\" content=\"https:\/\/www.facebook.com\/Salon223\/\" \/>\n<meta property=\"article:modified_time\" content=\"2024-07-16T12:48:24+00:00\" \/>\n<meta property=\"og:image\" content=\"https:\/\/salon223.com\/wp-content\/uploads\/2024\/07\/LogosFinanciacionNegro.png\" \/>\n<meta name=\"twitter:card\" content=\"summary_large_image\" \/>\n<meta name=\"twitter:label1\" content=\"Temps estimat de lectura\" \/>\n\t<meta name=\"twitter:data1\" content=\"8 minuts\" \/>\n<script type=\"application\/ld+json\" class=\"yoast-schema-graph\">{\"@context\":\"https:\\\/\\\/schema.org\",\"@graph\":[{\"@type\":\"WebPage\",\"@id\":\"https:\\\/\\\/salon223.com\\\/ca\\\/politica-de-cookies\\\/\",\"url\":\"https:\\\/\\\/salon223.com\\\/ca\\\/politica-de-cookies\\\/\",\"name\":\"Pol\u00edtica de Cookies - SALON 223\",\"isPartOf\":{\"@id\":\"https:\\\/\\\/salon223.com\\\/#website\"},\"primaryImageOfPage\":{\"@id\":\"https:\\\/\\\/salon223.com\\\/ca\\\/politica-de-cookies\\\/#primaryimage\"},\"image\":{\"@id\":\"https:\\\/\\\/salon223.com\\\/ca\\\/politica-de-cookies\\\/#primaryimage\"},\"thumbnailUrl\":\"https:\\\/\\\/salon223.com\\\/wp-content\\\/uploads\\\/2024\\\/07\\\/LogosFinanciacionNegro.png\",\"datePublished\":\"2024-07-10T12:13:26+00:00\",\"dateModified\":\"2024-07-16T12:48:24+00:00\",\"breadcrumb\":{\"@id\":\"https:\\\/\\\/salon223.com\\\/ca\\\/politica-de-cookies\\\/#breadcrumb\"},\"inLanguage\":\"ca\",\"potentialAction\":[{\"@type\":\"ReadAction\",\"target\":[\"https:\\\/\\\/salon223.com\\\/ca\\\/politica-de-cookies\\\/\"]}]},{\"@type\":\"ImageObject\",\"inLanguage\":\"ca\",\"@id\":\"https:\\\/\\\/salon223.com\\\/ca\\\/politica-de-cookies\\\/#primaryimage\",\"url\":\"https:\\\/\\\/salon223.com\\\/wp-content\\\/uploads\\\/2024\\\/07\\\/LogosFinanciacionNegro.png\",\"contentUrl\":\"https:\\\/\\\/salon223.com\\\/wp-content\\\/uploads\\\/2024\\\/07\\\/LogosFinanciacionNegro.png\"},{\"@type\":\"BreadcrumbList\",\"@id\":\"https:\\\/\\\/salon223.com\\\/ca\\\/politica-de-cookies\\\/#breadcrumb\",\"itemListElement\":[{\"@type\":\"ListItem\",\"position\":1,\"name\":\"Portada\",\"item\":\"https:\\\/\\\/salon223.com\\\/ca\\\/\"},{\"@type\":\"ListItem\",\"position\":2,\"name\":\"Pol\u00edtica de Cookies\"}]},{\"@type\":\"WebSite\",\"@id\":\"https:\\\/\\\/salon223.com\\\/#website\",\"url\":\"https:\\\/\\\/salon223.com\\\/\",\"name\":\"Salon 223 - Peluquer\u00eda en Barcelona\",\"description\":\"Peluquer\u00eda innovadora, situada en el Eixample de Barcelona, donde se fusionan arte, dise\u00f1o y estilo creando nuevas tendencias.\",\"publisher\":{\"@id\":\"https:\\\/\\\/salon223.com\\\/#organization\"},\"potentialAction\":[{\"@type\":\"SearchAction\",\"target\":{\"@type\":\"EntryPoint\",\"urlTemplate\":\"https:\\\/\\\/salon223.com\\\/?s={search_term_string}\"},\"query-input\":{\"@type\":\"PropertyValueSpecification\",\"valueRequired\":true,\"valueName\":\"search_term_string\"}}],\"inLanguage\":\"ca\"},{\"@type\":\"Organization\",\"@id\":\"https:\\\/\\\/salon223.com\\\/#organization\",\"name\":\"Salon 223\",\"url\":\"https:\\\/\\\/salon223.com\\\/\",\"logo\":{\"@type\":\"ImageObject\",\"inLanguage\":\"ca\",\"@id\":\"https:\\\/\\\/salon223.com\\\/#\\\/schema\\\/logo\\\/image\\\/\",\"url\":\"https:\\\/\\\/salon223.com\\\/wp-content\\\/uploads\\\/2024\\\/07\\\/Logo223_Color.webp\",\"contentUrl\":\"https:\\\/\\\/salon223.com\\\/wp-content\\\/uploads\\\/2024\\\/07\\\/Logo223_Color.webp\",\"width\":100,\"height\":100,\"caption\":\"Salon 223\"},\"image\":{\"@id\":\"https:\\\/\\\/salon223.com\\\/#\\\/schema\\\/logo\\\/image\\\/\"},\"sameAs\":[\"https:\\\/\\\/www.facebook.com\\\/Salon223\\\/\",\"https:\\\/\\\/www.instagram.com\\\/salon223\\\/\"]}]}<\/script>\n<!-- \/ Yoast SEO plugin. -->","yoast_head_json":{"title":"Pol\u00edtica de Cookies - SALON 223","robots":{"index":"index","follow":"follow","max-snippet":"max-snippet:-1","max-image-preview":"max-image-preview:large","max-video-preview":"max-video-preview:-1"},"canonical":"https:\/\/salon223.com\/ca\/politica-de-cookies\/","og_locale":"ca_ES","og_type":"article","og_title":"Pol\u00edtica de Cookies - SALON 223","og_description":"QU\u00c8 S\u00d3N LES COOKIES I PER A QU\u00c8 LES USEM? Una galeta o galeta inform\u00e0tica \u00e9s un petit arxiu d&#8217;informaci\u00f3&hellip; Read more &raquo;","og_url":"https:\/\/salon223.com\/ca\/politica-de-cookies\/","og_site_name":"SALON 223","article_publisher":"https:\/\/www.facebook.com\/Salon223\/","article_modified_time":"2024-07-16T12:48:24+00:00","og_image":[{"url":"https:\/\/salon223.com\/wp-content\/uploads\/2024\/07\/LogosFinanciacionNegro.png","type":"","width":"","height":""}],"twitter_card":"summary_large_image","twitter_misc":{"Temps estimat de lectura":"8 minuts"},"schema":{"@context":"https:\/\/schema.org","@graph":[{"@type":"WebPage","@id":"https:\/\/salon223.com\/ca\/politica-de-cookies\/","url":"https:\/\/salon223.com\/ca\/politica-de-cookies\/","name":"Pol\u00edtica de Cookies - SALON 223","isPartOf":{"@id":"https:\/\/salon223.com\/#website"},"primaryImageOfPage":{"@id":"https:\/\/salon223.com\/ca\/politica-de-cookies\/#primaryimage"},"image":{"@id":"https:\/\/salon223.com\/ca\/politica-de-cookies\/#primaryimage"},"thumbnailUrl":"https:\/\/salon223.com\/wp-content\/uploads\/2024\/07\/LogosFinanciacionNegro.png","datePublished":"2024-07-10T12:13:26+00:00","dateModified":"2024-07-16T12:48:24+00:00","breadcrumb":{"@id":"https:\/\/salon223.com\/ca\/politica-de-cookies\/#breadcrumb"},"inLanguage":"ca","potentialAction":[{"@type":"ReadAction","target":["https:\/\/salon223.com\/ca\/politica-de-cookies\/"]}]},{"@type":"ImageObject","inLanguage":"ca","@id":"https:\/\/salon223.com\/ca\/politica-de-cookies\/#primaryimage","url":"https:\/\/salon223.com\/wp-content\/uploads\/2024\/07\/LogosFinanciacionNegro.png","contentUrl":"https:\/\/salon223.com\/wp-content\/uploads\/2024\/07\/LogosFinanciacionNegro.png"},{"@type":"BreadcrumbList","@id":"https:\/\/salon223.com\/ca\/politica-de-cookies\/#breadcrumb","itemListElement":[{"@type":"ListItem","position":1,"name":"Portada","item":"https:\/\/salon223.com\/ca\/"},{"@type":"ListItem","position":2,"name":"Pol\u00edtica de Cookies"}]},{"@type":"WebSite","@id":"https:\/\/salon223.com\/#website","url":"https:\/\/salon223.com\/","name":"Salon 223 - Peluquer\u00eda en Barcelona","description":"Peluquer\u00eda innovadora, situada en el Eixample de Barcelona, donde se fusionan arte, dise\u00f1o y estilo creando nuevas tendencias.","publisher":{"@id":"https:\/\/salon223.com\/#organization"},"potentialAction":[{"@type":"SearchAction","target":{"@type":"EntryPoint","urlTemplate":"https:\/\/salon223.com\/?s={search_term_string}"},"query-input":{"@type":"PropertyValueSpecification","valueRequired":true,"valueName":"search_term_string"}}],"inLanguage":"ca"},{"@type":"Organization","@id":"https:\/\/salon223.com\/#organization","name":"Salon 223","url":"https:\/\/salon223.com\/","logo":{"@type":"ImageObject","inLanguage":"ca","@id":"https:\/\/salon223.com\/#\/schema\/logo\/image\/","url":"https:\/\/salon223.com\/wp-content\/uploads\/2024\/07\/Logo223_Color.webp","contentUrl":"https:\/\/salon223.com\/wp-content\/uploads\/2024\/07\/Logo223_Color.webp","width":100,"height":100,"caption":"Salon 223"},"image":{"@id":"https:\/\/salon223.com\/#\/schema\/logo\/image\/"},"sameAs":["https:\/\/www.facebook.com\/Salon223\/","https:\/\/www.instagram.com\/salon223\/"]}]}},"_links":{"self":[{"href":"https:\/\/salon223.com\/ca\/wp-json\/wp\/v2\/pages\/2161","targetHints":{"allow":["GET"]}}],"collection":[{"href":"https:\/\/salon223.com\/ca\/wp-json\/wp\/v2\/pages"}],"about":[{"href":"https:\/\/salon223.com\/ca\/wp-json\/wp\/v2\/types\/page"}],"author":[{"embeddable":true,"href":"https:\/\/salon223.com\/ca\/wp-json\/wp\/v2\/users\/1"}],"replies":[{"embeddable":true,"href":"https:\/\/salon223.com\/ca\/wp-json\/wp\/v2\/comments?post=2161"}],"version-history":[{"count":1,"href":"https:\/\/salon223.com\/ca\/wp-json\/wp\/v2\/pages\/2161\/revisions"}],"predecessor-version":[{"id":2162,"href":"https:\/\/salon223.com\/ca\/wp-json\/wp\/v2\/pages\/2161\/revisions\/2162"}],"wp:attachment":[{"href":"https:\/\/salon223.com\/ca\/wp-json\/wp\/v2\/media?parent=2161"}],"curies":[{"name":"wp","href":"https:\/\/api.w.org\/{rel}","templated":true}]}}