{"id":2158,"date":"2024-07-10T12:11:13","date_gmt":"2024-07-10T12:11:13","guid":{"rendered":"https:\/\/salon223.im3dia.net\/politica-de-privadesa\/"},"modified":"2024-07-16T12:48:23","modified_gmt":"2024-07-16T12:48:23","slug":"politica-de-privadesa","status":"publish","type":"page","link":"https:\/\/salon223.com\/ca\/politica-de-privadesa\/","title":{"rendered":"Pol\u00edtica de Privadesa"},"content":{"rendered":"\t\t<div data-elementor-type=\"wp-page\" data-elementor-id=\"2158\" class=\"elementor elementor-2158 elementor-1842\" data-elementor-post-type=\"page\">\n\t\t\t\t<div class=\"elementor-element elementor-element-519bc652 e-flex e-con-boxed e-con e-parent\" data-id=\"519bc652\" data-element_type=\"container\" data-e-type=\"container\">\n\t\t\t\t\t<div class=\"e-con-inner\">\n\t\t\t\t<div class=\"elementor-element elementor-element-69867732 elementor-widget elementor-widget-text-editor\" data-id=\"69867732\" data-element_type=\"widget\" data-e-type=\"widget\" data-widget_type=\"text-editor.default\">\n\t\t\t\t<div class=\"elementor-widget-container\">\n\t\t\t\t\t\t\t\t\t<p>La Direcci\u00f3 \/ \u00d2rgan de Govern d&#8217;ALEJANDRO MERAVILLA (d&#8217;ara endavant, el responsable del tractament), assumeix la m\u00e0xima responsabilitat i comprom\u00eds amb l&#8217;establiment, la implementaci\u00f3 i el manteniment de la present Pol\u00edtica de Protecci\u00f3 de Dades, garantint la millora cont\u00ednua del responsable del tractament amb l&#8217;objectiu d&#8217;assolir l&#8217;excel\u00b7l\u00e8ncia en relaci\u00f3 amb el compliment del Reglament (UE) 2016\/679 del Parlament Europeu i del Consell, del 27 d&#8217;abril del 2016, relatiu a la protecci\u00f3 de les persones f\u00edsiques pel que fa al tractament de dades personals ia la lliure circulaci\u00f3 d&#8217;aquestes dades i pel qual es deroga la Directiva 95\/46\/CE (Reglament general de protecci\u00f3 de dades) (DOUE L 119\/1, 04-05-2016), i de la normativa espanyola de protecci\u00f3 de dades dades de car\u00e0cter personal (Llei Org\u00e0nica, legislaci\u00f3 sectorial espec\u00edfica i les seues normes de desenvolupament).<\/p>\n<\/p>\n<p>La Pol\u00edtica de Protecci\u00f3 de Dades d&#8217;ALEJANDRO MERAVILLA descansa en el principi de responsabilitat proactiva, segons el qual el responsable del tractament \u00e9s responsable del compliment del marc normatiu i jurisprudencial que governa aquesta Pol\u00edtica, i \u00e9s capa\u00e7 de demostrar-ho davant de les autoritats de control competents.<\/p>\n<\/p>\n<p>En aquest sentit, el responsable del tractament es regir\u00e0 pels principis seg\u00fcents que han de servir tot el seu personal com a guia i marc de refer\u00e8ncia en el tractament de dades personals:<\/p>\n<p>Protecci\u00f3 de dades des del disseny: el responsable del tractament aplicar\u00e0, tant en el moment de determinar els mitjans de tractament com en el moment del propi tractament, mesures t\u00e8cniques i organitzatives apropiades, com la pseudonimitzaci\u00f3, concebudes per aplicar de forma efectiva els principis de protecci\u00f3 de dades, com ara la minimitzaci\u00f3 de dades, i integrar les garanties necess\u00e0ries en el tractament.<\/p>\n<\/p>\n<p>Protecci\u00f3 de dades per defecte: el responsable del tractament aplicar\u00e0 les mesures t\u00e8cniques i organitzatives apropiades amb vista a garantir que, per defecte, nom\u00e9s siguin objecte de tractament les dades personals que siguin necess\u00e0ries per a cadascun dels fins espec\u00edfics del tractament.<\/p>\n<\/p>\n<p>Protecci\u00f3 de dades al cicle de vida de la informaci\u00f3: les mesures que garanteixin la protecci\u00f3 de les dades personals seran aplicables durant el cicle complet de la vida de la informaci\u00f3.<\/p>\n<\/p>\n<p>Licitud, lleialtat i transpar\u00e8ncia: les dades personals seran tractades de manera l\u00edcita, lleial i transparent en relaci\u00f3 amb linteressat.<\/p>\n<\/p>\n<p>Limitaci\u00f3 de la finalitat: les dades personals seran recollides amb fins determinades, expl\u00edcites i leg\u00edtimes, i no seran tractades ulteriorment de manera incompatible amb aquests fins.<\/p>\n<\/p>\n<p>Minimitzaci\u00f3 de dades: les dades personals seran adequades, pertinents i limitades al que sigui necessari en relaci\u00f3 amb les finalitats per a les quals s\u00f3n tractades.<\/p>\n<\/p>\n<p>Exactitud: les dades personals seran exactes i, si cal, actualitzades; s&#8217;adoptaran totes les mesures raonables perqu\u00e8 se suprimeixin o rectifiquin sense dilaci\u00f3 les dades personals que siguin inexactes respecte a les finalitats per a les quals es tracten.<\/p>\n<\/p>\n<p>Limitaci\u00f3 del termini de conservaci\u00f3: les dades personals seran mantingudes de manera que es permeti la identificaci\u00f3 dels interessats durant no m\u00e9s temps del necessari per als fins del tractament de les dades personals.<\/p>\n<\/p>\n<p>Integritat i confidencialitat: les dades personals seran tractades de manera que es garanteixi una seguretat adequada de les dades personals, inclosa la protecci\u00f3 contra el tractament no autoritzat o il\u00b7l\u00edcit i contra la seva p\u00e8rdua, destrucci\u00f3 o dany accidental, mitjan\u00e7ant l&#8217;aplicaci\u00f3 de mesures t\u00e8cniques o organitzatives apropiades.<\/p>\n<\/p>\n<p>Informaci\u00f3 i formaci\u00f3: una de les claus per garantir la protecci\u00f3 de les dades personals \u00e9s la formaci\u00f3 i informaci\u00f3 que es faciliti al personal involucrat en el tractament de les dades personals. Durant el cicle de vida de la informaci\u00f3, tot el personal amb acc\u00e9s a les dades ser\u00e0 convenientment format i informat sobre les seves obligacions en relaci\u00f3 amb el compliment de la normativa de protecci\u00f3 de dades.<\/p>\n<\/p>\n<p>La Pol\u00edtica de Protecci\u00f3 de Dades d&#8217;ALEJANDRO MERAVILLA \u00e9s comunicada a tot el personal del responsable del tractament i posada a disposici\u00f3 de totes les parts interessades.<\/p>\n<\/p>\n<p>En conseq\u00fc\u00e8ncia, aquesta Pol\u00edtica de Protecci\u00f3 de Dades involucra tot el personal del responsable del tractament, que l&#8217;ha de con\u00e8ixer i assumir, considerant-la com a pr\u00f2pia, i cada membre responsable d&#8217;aplicar-la i de verificar les normes de protecci\u00f3 de dades aplicables a la seva activitat. , aix\u00ed com identificar i aportar les oportunitats de millora que consideri oportunes amb l&#8217;objectiu d&#8217;assolir l&#8217;excel\u00b7l\u00e8ncia en relaci\u00f3 amb el compliment.<\/p>\n<\/p>\n<p>Aquesta Pol\u00edtica ser\u00e0 revisada per la Direcci\u00f3 \/ \u00d2rgan de Govern de La Direcci\u00f3 \/ \u00d2rgan de Govern d&#8217;ALEJANDRO MERAVILLA (d&#8217;ara endavant, el responsable del tractament), assumeix la m\u00e0xima responsabilitat i comprom\u00eds amb l&#8217;establiment, la implementaci\u00f3 i el manteniment de la present Pol\u00edtica de Protecci\u00f3 de Dades, garantint la millora cont\u00ednua del responsable del tractament amb l&#8217;objectiu d&#8217;assolir l&#8217;excel\u00b7l\u00e8ncia en relaci\u00f3 amb el compliment del Reglament (UE) 2016\/679 del Parlament Europeu i del Consell, de 27 d&#8217;abril de 2016, relatiu a la protecci\u00f3 de les persones f\u00edsiques pel que fa al tractament de dades personals ia la lliure circulaci\u00f3 daquestes dades i pel qual es deroga la Directiva 95\/46\/CE (Reglament general de protecci\u00f3 de dades) (DOUE L 119\/1, 04-05 -2016), i de la normativa espanyola de protecci\u00f3 de dades de car\u00e0cter personal (Llei Org\u00e0nica, legislaci\u00f3 sectorial espec\u00edfica i les seues normes de desenvolupament).<\/p>\n<\/p>\n<p>La Pol\u00edtica de Protecci\u00f3 de Dades d&#8217;ALEJANDRO MERAVILLA descansa en el principi de responsabilitat proactiva, segons el qual el responsable del tractament \u00e9s responsable del compliment del marc normatiu i jurisprudencial que governa aquesta Pol\u00edtica, i \u00e9s capa\u00e7 de demostrar-ho davant de les autoritats de control competents.<\/p>\n<\/p>\n<p>En aquest sentit, el responsable del tractament es regir\u00e0 pels principis seg\u00fcents que han de servir tot el seu personal com a guia i marc de refer\u00e8ncia en el tractament de dades personals:<\/p>\n<\/p>\n<p>Protecci\u00f3 de dades des del disseny: el responsable del tractament aplicar\u00e0, tant en el moment de determinar els mitjans de tractament com en el moment del propi tractament, mesures t\u00e8cniques i organitzatives apropiades, com la pseudonimitzaci\u00f3, concebudes per aplicar de forma efectiva els principis de protecci\u00f3 de dades, com ara la minimitzaci\u00f3 de dades, i integrar les garanties necess\u00e0ries en el tractament.<\/p>\n<\/p>\n<p>Protecci\u00f3 de dades per defecte: el responsable del tractament aplicar\u00e0 les mesures t\u00e8cniques i organitzatives apropiades amb vista a garantir que, per defecte, nom\u00e9s siguin objecte de tractament les dades personals que siguin necess\u00e0ries per a cadascun dels fins espec\u00edfics del tractament.<\/p>\n<\/p>\n<p>Protecci\u00f3 de dades al cicle de vida de la informaci\u00f3: les mesures que garanteixin la protecci\u00f3 de les dades personals seran aplicables durant el cicle complet de la vida de la informaci\u00f3.<\/p>\n<\/p>\n<p>Licitud, lleialtat i transpar\u00e8ncia: les dades personals seran tractades de manera l\u00edcita, lleial i transparent en relaci\u00f3 amb linteressat.<\/p>\n<\/p>\n<p>Limitaci\u00f3 de la finalitat: les dades personals seran recollides amb fins determinades, expl\u00edcites i leg\u00edtimes, i no seran tractades ulteriorment de manera incompatible amb aquests fins.<\/p>\n<\/p>\n<p>Minimitzaci\u00f3 de dades: les dades personals seran adequades, pertinents i limitades al que sigui necessari en relaci\u00f3 amb les finalitats per a les quals s\u00f3n tractades.<\/p>\n<\/p>\n<p>Exactitud: les dades personals seran exactes i, si cal, actualitzades; s&#8217;adoptaran totes les mesures raonables perqu\u00e8 se suprimeixin o rectifiquin sense dilaci\u00f3 les dades personals que siguin inexactes respecte a les finalitats per a les quals es tracten.<\/p>\n<\/p>\n<p>Limitaci\u00f3 del termini de conservaci\u00f3: les dades personals seran mantingudes de manera que es permeti la identificaci\u00f3 dels interessats durant no m\u00e9s temps del necessari per als fins del tractament de les dades personals.<\/p>\n<\/p>\n<p>Integritat i confidencialitat: les dades personals seran tractades de manera que es garanteixi una seguretat adequada de les dades personals, inclosa la protecci\u00f3 contra el tractament no autoritzat o il\u00b7l\u00edcit i contra la seva p\u00e8rdua, destrucci\u00f3 o dany accidental, mitjan\u00e7ant l&#8217;aplicaci\u00f3 de mesures t\u00e8cniques o organitzatives apropiades.<\/p>\n<\/p>\n<p>Informaci\u00f3 i formaci\u00f3: una de les claus per garantir la protecci\u00f3 de les dades personals \u00e9s la formaci\u00f3 i informaci\u00f3 que es faciliti al personal involucrat en el tractament de les dades personals. Durant el cicle de vida de la informaci\u00f3, tot el personal amb acc\u00e9s a les dades ser\u00e0 convenientment format i informat sobre les seves obligacions en relaci\u00f3 amb el compliment de la normativa de protecci\u00f3 de dades.<\/p>\n<\/p>\n<p>La Pol\u00edtica de Protecci\u00f3 de Dades d&#8217;ALEJANDRO MERAVILLA \u00e9s comunicada a tot el personal del responsable del tractament i posada a disposici\u00f3 de totes les parts interessades.<\/p>\n<\/p>\n<p>En conseq\u00fc\u00e8ncia, aquesta Pol\u00edtica de Protecci\u00f3 de Dades involucra tot el personal del responsable del tractament, que l&#8217;ha de con\u00e8ixer i assumir, considerant-la com a pr\u00f2pia, i cada membre responsable d&#8217;aplicar-la i de verificar les normes de protecci\u00f3 de dades aplicables a la seva activitat. , aix\u00ed com identificar i aportar les oportunitats de millora que consideri oportunes amb l&#8217;objectiu d&#8217;assolir l&#8217;excel\u00b7l\u00e8ncia en relaci\u00f3 amb el compliment.<\/p>\n<\/p>\n<p>Aquesta Pol\u00edtica ser\u00e0 revisada per la Direcci\u00f3\/\u00d2rgan de Govern d&#8217;ALEJANDRO MERAVILLA, tantes vegades com es consideri necessari, per adequar-se, en tot moment, a les disposicions vigents en mat\u00e8ria de protecci\u00f3 de dades de car\u00e0cter personal.<\/p>\n\t\t\t\t\t\t\t\t<\/div>\n\t\t\t\t<\/div>\n\t\t\t\t\t<\/div>\n\t\t\t\t<\/div>\n\t\t<div class=\"elementor-element elementor-element-f432c5b e-flex e-con-boxed e-con e-parent\" data-id=\"f432c5b\" data-element_type=\"container\" data-e-type=\"container\">\n\t\t\t\t\t<div class=\"e-con-inner\">\n\t\t\t\t<div class=\"elementor-element elementor-element-297fa63 elementor-widget elementor-widget-spacer\" data-id=\"297fa63\" data-element_type=\"widget\" data-e-type=\"widget\" data-widget_type=\"spacer.default\">\n\t\t\t\t<div class=\"elementor-widget-container\">\n\t\t\t\t\t\t\t<div class=\"elementor-spacer\">\n\t\t\t<div class=\"elementor-spacer-inner\"><\/div>\n\t\t<\/div>\n\t\t\t\t\t\t<\/div>\n\t\t\t\t<\/div>\n\t\t\t\t<div class=\"elementor-element elementor-element-0380a64 elementor-widget elementor-widget-image\" data-id=\"0380a64\" data-element_type=\"widget\" data-e-type=\"widget\" data-widget_type=\"image.default\">\n\t\t\t\t<div class=\"elementor-widget-container\">\n\t\t\t\t\t\t\t\t\t\t\t\t\t\t\t<img decoding=\"async\" width=\"402\" height=\"115\" src=\"https:\/\/salon223.com\/wp-content\/uploads\/2024\/07\/LogosFinanciacionNegro.png\" class=\"attachment-large size-large wp-image-1806\" alt=\"\" \/>\t\t\t\t\t\t\t\t\t\t\t\t\t\t\t<\/div>\n\t\t\t\t<\/div>\n\t\t\t\t\t<\/div>\n\t\t\t\t<\/div>\n\t\t\t\t<\/div>\n\t\t","protected":false},"excerpt":{"rendered":"<p>La Direcci\u00f3 \/ \u00d2rgan de Govern d&#8217;ALEJANDRO MERAVILLA (d&#8217;ara endavant, el responsable del tractament), assumeix la m\u00e0xima responsabilitat i comprom\u00eds&hellip; <a class=\"more-link\" href=\"https:\/\/salon223.com\/ca\/politica-de-privadesa\/\">Read more &raquo;<\/a><\/p>\n","protected":false},"author":1,"featured_media":0,"parent":0,"menu_order":0,"comment_status":"closed","ping_status":"closed","template":"","meta":{"footnotes":""},"class_list":["post-2158","page","type-page","status-publish","hentry"],"yoast_head":"<!-- This site is optimized with the Yoast SEO plugin v27.5 - https:\/\/yoast.com\/product\/yoast-seo-wordpress\/ -->\n<title>Pol\u00edtica de Privadesa - SALON 223<\/title>\n<meta name=\"robots\" content=\"index, follow, max-snippet:-1, max-image-preview:large, max-video-preview:-1\" \/>\n<link rel=\"canonical\" href=\"https:\/\/salon223.com\/ca\/politica-de-privadesa\/\" \/>\n<meta property=\"og:locale\" content=\"ca_ES\" \/>\n<meta property=\"og:type\" content=\"article\" \/>\n<meta property=\"og:title\" content=\"Pol\u00edtica de Privadesa - SALON 223\" \/>\n<meta property=\"og:description\" content=\"La Direcci\u00f3 \/ \u00d2rgan de Govern d&#8217;ALEJANDRO MERAVILLA (d&#8217;ara endavant, el responsable del tractament), assumeix la m\u00e0xima responsabilitat i comprom\u00eds&hellip; Read more &raquo;\" \/>\n<meta property=\"og:url\" content=\"https:\/\/salon223.com\/ca\/politica-de-privadesa\/\" \/>\n<meta property=\"og:site_name\" content=\"SALON 223\" \/>\n<meta property=\"article:publisher\" content=\"https:\/\/www.facebook.com\/Salon223\/\" \/>\n<meta property=\"article:modified_time\" content=\"2024-07-16T12:48:23+00:00\" \/>\n<meta property=\"og:image\" content=\"https:\/\/salon223.com\/wp-content\/uploads\/2024\/07\/LogosFinanciacionNegro.png\" \/>\n<meta name=\"twitter:card\" content=\"summary_large_image\" \/>\n<meta name=\"twitter:label1\" content=\"Temps estimat de lectura\" \/>\n\t<meta name=\"twitter:data1\" content=\"8 minuts\" \/>\n<script type=\"application\/ld+json\" class=\"yoast-schema-graph\">{\"@context\":\"https:\\\/\\\/schema.org\",\"@graph\":[{\"@type\":\"WebPage\",\"@id\":\"https:\\\/\\\/salon223.com\\\/ca\\\/politica-de-privadesa\\\/\",\"url\":\"https:\\\/\\\/salon223.com\\\/ca\\\/politica-de-privadesa\\\/\",\"name\":\"Pol\u00edtica de Privadesa - SALON 223\",\"isPartOf\":{\"@id\":\"https:\\\/\\\/salon223.com\\\/#website\"},\"primaryImageOfPage\":{\"@id\":\"https:\\\/\\\/salon223.com\\\/ca\\\/politica-de-privadesa\\\/#primaryimage\"},\"image\":{\"@id\":\"https:\\\/\\\/salon223.com\\\/ca\\\/politica-de-privadesa\\\/#primaryimage\"},\"thumbnailUrl\":\"https:\\\/\\\/salon223.com\\\/wp-content\\\/uploads\\\/2024\\\/07\\\/LogosFinanciacionNegro.png\",\"datePublished\":\"2024-07-10T12:11:13+00:00\",\"dateModified\":\"2024-07-16T12:48:23+00:00\",\"breadcrumb\":{\"@id\":\"https:\\\/\\\/salon223.com\\\/ca\\\/politica-de-privadesa\\\/#breadcrumb\"},\"inLanguage\":\"ca\",\"potentialAction\":[{\"@type\":\"ReadAction\",\"target\":[\"https:\\\/\\\/salon223.com\\\/ca\\\/politica-de-privadesa\\\/\"]}]},{\"@type\":\"ImageObject\",\"inLanguage\":\"ca\",\"@id\":\"https:\\\/\\\/salon223.com\\\/ca\\\/politica-de-privadesa\\\/#primaryimage\",\"url\":\"https:\\\/\\\/salon223.com\\\/wp-content\\\/uploads\\\/2024\\\/07\\\/LogosFinanciacionNegro.png\",\"contentUrl\":\"https:\\\/\\\/salon223.com\\\/wp-content\\\/uploads\\\/2024\\\/07\\\/LogosFinanciacionNegro.png\"},{\"@type\":\"BreadcrumbList\",\"@id\":\"https:\\\/\\\/salon223.com\\\/ca\\\/politica-de-privadesa\\\/#breadcrumb\",\"itemListElement\":[{\"@type\":\"ListItem\",\"position\":1,\"name\":\"Portada\",\"item\":\"https:\\\/\\\/salon223.com\\\/ca\\\/\"},{\"@type\":\"ListItem\",\"position\":2,\"name\":\"Pol\u00edtica de Privadesa\"}]},{\"@type\":\"WebSite\",\"@id\":\"https:\\\/\\\/salon223.com\\\/#website\",\"url\":\"https:\\\/\\\/salon223.com\\\/\",\"name\":\"Salon 223 - Peluquer\u00eda en Barcelona\",\"description\":\"Peluquer\u00eda innovadora, situada en el Eixample de Barcelona, donde se fusionan arte, dise\u00f1o y estilo creando nuevas tendencias.\",\"publisher\":{\"@id\":\"https:\\\/\\\/salon223.com\\\/#organization\"},\"potentialAction\":[{\"@type\":\"SearchAction\",\"target\":{\"@type\":\"EntryPoint\",\"urlTemplate\":\"https:\\\/\\\/salon223.com\\\/?s={search_term_string}\"},\"query-input\":{\"@type\":\"PropertyValueSpecification\",\"valueRequired\":true,\"valueName\":\"search_term_string\"}}],\"inLanguage\":\"ca\"},{\"@type\":\"Organization\",\"@id\":\"https:\\\/\\\/salon223.com\\\/#organization\",\"name\":\"Salon 223\",\"url\":\"https:\\\/\\\/salon223.com\\\/\",\"logo\":{\"@type\":\"ImageObject\",\"inLanguage\":\"ca\",\"@id\":\"https:\\\/\\\/salon223.com\\\/#\\\/schema\\\/logo\\\/image\\\/\",\"url\":\"https:\\\/\\\/salon223.com\\\/wp-content\\\/uploads\\\/2024\\\/07\\\/Logo223_Color.webp\",\"contentUrl\":\"https:\\\/\\\/salon223.com\\\/wp-content\\\/uploads\\\/2024\\\/07\\\/Logo223_Color.webp\",\"width\":100,\"height\":100,\"caption\":\"Salon 223\"},\"image\":{\"@id\":\"https:\\\/\\\/salon223.com\\\/#\\\/schema\\\/logo\\\/image\\\/\"},\"sameAs\":[\"https:\\\/\\\/www.facebook.com\\\/Salon223\\\/\",\"https:\\\/\\\/www.instagram.com\\\/salon223\\\/\"]}]}<\/script>\n<!-- \/ Yoast SEO plugin. -->","yoast_head_json":{"title":"Pol\u00edtica de Privadesa - SALON 223","robots":{"index":"index","follow":"follow","max-snippet":"max-snippet:-1","max-image-preview":"max-image-preview:large","max-video-preview":"max-video-preview:-1"},"canonical":"https:\/\/salon223.com\/ca\/politica-de-privadesa\/","og_locale":"ca_ES","og_type":"article","og_title":"Pol\u00edtica de Privadesa - SALON 223","og_description":"La Direcci\u00f3 \/ \u00d2rgan de Govern d&#8217;ALEJANDRO MERAVILLA (d&#8217;ara endavant, el responsable del tractament), assumeix la m\u00e0xima responsabilitat i comprom\u00eds&hellip; Read more &raquo;","og_url":"https:\/\/salon223.com\/ca\/politica-de-privadesa\/","og_site_name":"SALON 223","article_publisher":"https:\/\/www.facebook.com\/Salon223\/","article_modified_time":"2024-07-16T12:48:23+00:00","og_image":[{"url":"https:\/\/salon223.com\/wp-content\/uploads\/2024\/07\/LogosFinanciacionNegro.png","type":"","width":"","height":""}],"twitter_card":"summary_large_image","twitter_misc":{"Temps estimat de lectura":"8 minuts"},"schema":{"@context":"https:\/\/schema.org","@graph":[{"@type":"WebPage","@id":"https:\/\/salon223.com\/ca\/politica-de-privadesa\/","url":"https:\/\/salon223.com\/ca\/politica-de-privadesa\/","name":"Pol\u00edtica de Privadesa - SALON 223","isPartOf":{"@id":"https:\/\/salon223.com\/#website"},"primaryImageOfPage":{"@id":"https:\/\/salon223.com\/ca\/politica-de-privadesa\/#primaryimage"},"image":{"@id":"https:\/\/salon223.com\/ca\/politica-de-privadesa\/#primaryimage"},"thumbnailUrl":"https:\/\/salon223.com\/wp-content\/uploads\/2024\/07\/LogosFinanciacionNegro.png","datePublished":"2024-07-10T12:11:13+00:00","dateModified":"2024-07-16T12:48:23+00:00","breadcrumb":{"@id":"https:\/\/salon223.com\/ca\/politica-de-privadesa\/#breadcrumb"},"inLanguage":"ca","potentialAction":[{"@type":"ReadAction","target":["https:\/\/salon223.com\/ca\/politica-de-privadesa\/"]}]},{"@type":"ImageObject","inLanguage":"ca","@id":"https:\/\/salon223.com\/ca\/politica-de-privadesa\/#primaryimage","url":"https:\/\/salon223.com\/wp-content\/uploads\/2024\/07\/LogosFinanciacionNegro.png","contentUrl":"https:\/\/salon223.com\/wp-content\/uploads\/2024\/07\/LogosFinanciacionNegro.png"},{"@type":"BreadcrumbList","@id":"https:\/\/salon223.com\/ca\/politica-de-privadesa\/#breadcrumb","itemListElement":[{"@type":"ListItem","position":1,"name":"Portada","item":"https:\/\/salon223.com\/ca\/"},{"@type":"ListItem","position":2,"name":"Pol\u00edtica de Privadesa"}]},{"@type":"WebSite","@id":"https:\/\/salon223.com\/#website","url":"https:\/\/salon223.com\/","name":"Salon 223 - Peluquer\u00eda en Barcelona","description":"Peluquer\u00eda innovadora, situada en el Eixample de Barcelona, donde se fusionan arte, dise\u00f1o y estilo creando nuevas tendencias.","publisher":{"@id":"https:\/\/salon223.com\/#organization"},"potentialAction":[{"@type":"SearchAction","target":{"@type":"EntryPoint","urlTemplate":"https:\/\/salon223.com\/?s={search_term_string}"},"query-input":{"@type":"PropertyValueSpecification","valueRequired":true,"valueName":"search_term_string"}}],"inLanguage":"ca"},{"@type":"Organization","@id":"https:\/\/salon223.com\/#organization","name":"Salon 223","url":"https:\/\/salon223.com\/","logo":{"@type":"ImageObject","inLanguage":"ca","@id":"https:\/\/salon223.com\/#\/schema\/logo\/image\/","url":"https:\/\/salon223.com\/wp-content\/uploads\/2024\/07\/Logo223_Color.webp","contentUrl":"https:\/\/salon223.com\/wp-content\/uploads\/2024\/07\/Logo223_Color.webp","width":100,"height":100,"caption":"Salon 223"},"image":{"@id":"https:\/\/salon223.com\/#\/schema\/logo\/image\/"},"sameAs":["https:\/\/www.facebook.com\/Salon223\/","https:\/\/www.instagram.com\/salon223\/"]}]}},"_links":{"self":[{"href":"https:\/\/salon223.com\/ca\/wp-json\/wp\/v2\/pages\/2158","targetHints":{"allow":["GET"]}}],"collection":[{"href":"https:\/\/salon223.com\/ca\/wp-json\/wp\/v2\/pages"}],"about":[{"href":"https:\/\/salon223.com\/ca\/wp-json\/wp\/v2\/types\/page"}],"author":[{"embeddable":true,"href":"https:\/\/salon223.com\/ca\/wp-json\/wp\/v2\/users\/1"}],"replies":[{"embeddable":true,"href":"https:\/\/salon223.com\/ca\/wp-json\/wp\/v2\/comments?post=2158"}],"version-history":[{"count":1,"href":"https:\/\/salon223.com\/ca\/wp-json\/wp\/v2\/pages\/2158\/revisions"}],"predecessor-version":[{"id":2160,"href":"https:\/\/salon223.com\/ca\/wp-json\/wp\/v2\/pages\/2158\/revisions\/2160"}],"wp:attachment":[{"href":"https:\/\/salon223.com\/ca\/wp-json\/wp\/v2\/media?parent=2158"}],"curies":[{"name":"wp","href":"https:\/\/api.w.org\/{rel}","templated":true}]}}