{"id":2146,"date":"2024-07-01T01:59:59","date_gmt":"2024-07-01T01:59:59","guid":{"rendered":"https:\/\/salon223.im3dia.net\/contacte\/"},"modified":"2024-07-16T17:08:23","modified_gmt":"2024-07-16T17:08:23","slug":"contacte","status":"publish","type":"page","link":"https:\/\/salon223.com\/ca\/contacte\/","title":{"rendered":"Contacte"},"content":{"rendered":"\t\t<div data-elementor-type=\"wp-page\" data-elementor-id=\"2146\" class=\"elementor elementor-2146 elementor-318\" data-elementor-post-type=\"page\">\n\t\t\t\t\t\t<section class=\"elementor-section elementor-top-section elementor-element elementor-element-29cb252a elementor-section-boxed elementor-section-height-default elementor-section-height-default\" data-id=\"29cb252a\" data-element_type=\"section\" data-e-type=\"section\">\n\t\t\t\t\t\t<div class=\"elementor-container elementor-column-gap-no\">\n\t\t\t\t\t<div class=\"elementor-column elementor-col-100 elementor-top-column elementor-element elementor-element-45e6975f\" data-id=\"45e6975f\" data-element_type=\"column\" data-e-type=\"column\">\n\t\t\t<div class=\"elementor-widget-wrap elementor-element-populated\">\n\t\t\t\t\t\t<div class=\"elementor-element elementor-element-24b469f8 elementor-widget elementor-widget-heading\" data-id=\"24b469f8\" data-element_type=\"widget\" data-e-type=\"widget\" data-widget_type=\"heading.default\">\n\t\t\t\t<div class=\"elementor-widget-container\">\n\t\t\t\t\t<h1 class=\"elementor-heading-title elementor-size-default\">Digues hola!<\/h1>\t\t\t\t<\/div>\n\t\t\t\t<\/div>\n\t\t\t\t\t<\/div>\n\t\t<\/div>\n\t\t\t\t\t<\/div>\n\t\t<\/section>\n\t\t\t\t<section class=\"elementor-section elementor-top-section elementor-element elementor-element-0f2ea64 elementor-section-boxed elementor-section-height-default elementor-section-height-default\" data-id=\"0f2ea64\" data-element_type=\"section\" data-e-type=\"section\">\n\t\t\t\t\t\t<div class=\"elementor-container elementor-column-gap-no\">\n\t\t\t\t\t<div class=\"elementor-column elementor-col-100 elementor-top-column elementor-element elementor-element-c6ca230\" data-id=\"c6ca230\" data-element_type=\"column\" data-e-type=\"column\">\n\t\t\t<div class=\"elementor-widget-wrap elementor-element-populated\">\n\t\t\t\t\t\t<div class=\"elementor-element elementor-element-4d35331 elementor-widget elementor-widget-spacer\" data-id=\"4d35331\" data-element_type=\"widget\" data-e-type=\"widget\" data-widget_type=\"spacer.default\">\n\t\t\t\t<div class=\"elementor-widget-container\">\n\t\t\t\t\t\t\t<div class=\"elementor-spacer\">\n\t\t\t<div class=\"elementor-spacer-inner\"><\/div>\n\t\t<\/div>\n\t\t\t\t\t\t<\/div>\n\t\t\t\t<\/div>\n\t\t\t\t<div class=\"elementor-element elementor-element-e46d6fc elementor-widget elementor-widget-pth-elementor-simple-text\" data-id=\"e46d6fc\" data-element_type=\"widget\" data-e-type=\"widget\" data-widget_type=\"pth-elementor-simple-text.default\">\n\t\t\t\t<div class=\"elementor-widget-container\">\n\t\t\t\t\t\n\t\t\t<div class=\"pth-simple-text pth-has-xxl-text pth-has-light-text pth-align-text-left\">\n\n\t\t\t\t<h3>Ens encanta parlar amb tu.<\/h3>\n\t\t\t<\/div>\n\n\t\t\t\t\t\t<\/div>\n\t\t\t\t<\/div>\n\t\t\t\t<div class=\"elementor-element elementor-element-4bed3fd elementor-widget elementor-widget-pth-elementor-simple-text\" data-id=\"4bed3fd\" data-element_type=\"widget\" data-e-type=\"widget\" data-widget_type=\"pth-elementor-simple-text.default\">\n\t\t\t\t<div class=\"elementor-widget-container\">\n\t\t\t\t\t\n\t\t\t<div class=\"pth-simple-text pth-has-md-text pth-has-light-text pth-align-text-left\">\n\n\t\t\t\t<p><span style=\"color: #000000\"><strong><span aria-label=\"Llamar al n\u00famero de tel\u00e9fono 931 29 04 58\">Tel\u00e8fon: <\/span><a style=\"color: #000000\" href=\"tel:+34931290458\" data-dtype=\"d3ph\" data-local-attribute=\"d3ph\" data-ved=\"2ahUKEwjPwqOkmZyHAxVWcKQEHSenDOEQkAgoAHoECDIQAg\"><span aria-label=\"Llamar al n\u00famero de tel\u00e9fono 931 29 04 58\">931 29 04 58<\/span><\/a><\/strong><\/span><\/p>\n\t\t\t<\/div>\n\n\t\t\t\t\t\t<\/div>\n\t\t\t\t<\/div>\n\t\t\t\t<div class=\"elementor-element elementor-element-fb594b6 elementor-widget elementor-widget-pth-elementor-simple-text\" data-id=\"fb594b6\" data-element_type=\"widget\" data-e-type=\"widget\" data-widget_type=\"pth-elementor-simple-text.default\">\n\t\t\t\t<div class=\"elementor-widget-container\">\n\t\t\t\t\t\n\t\t\t<div class=\"pth-simple-text pth-has-md-text pth-has-light-text pth-align-text-left\">\n\n\t\t\t\t<p><strong><span style=\"color: #000000\">Direcci\u00f3: <a href=\"https:\/\/www.google.com\/maps\/place\/\/data=!4m2!3m1!1s0x12a4a2893aa09e57:0x96d5b96ed4d768dd?sa=X&amp;ved=1t:8290&amp;ictx=111\" target=\"_blank\" rel=\"noopener\" data-url=\"\/maps\/place\/\/data=!4m2!3m1!1s0x12a4a2893aa09e57:0x96d5b96ed4d768dd?sa=X&amp;ved=2ahUKEwjPwqOkmZyHAxVWcKQEHSenDOEQ4kB6BAgHEAA\">C\/ del Consell de Cent, 223, local 2, Eixample, 08011 Barcelona<\/a>.<\/span><\/strong><\/p>\n\t\t\t<\/div>\n\n\t\t\t\t\t\t<\/div>\n\t\t\t\t<\/div>\n\t\t\t\t<div class=\"elementor-element elementor-element-5973a03 elementor-widget elementor-widget-pth-elementor-simple-text\" data-id=\"5973a03\" data-element_type=\"widget\" data-e-type=\"widget\" data-widget_type=\"pth-elementor-simple-text.default\">\n\t\t\t\t<div class=\"elementor-widget-container\">\n\t\t\t\t\t\n\t\t\t<div class=\"pth-simple-text pth-has-md-text pth-has-light-text pth-align-text-left\">\n\n\t\t\t\t<p><strong><span style=\"color: #000000\">Horari: <\/span><\/strong><\/p><p><span style=\"color: #000000\">M - V&gt; 10:00-20:00<\/span><\/p><p><span style=\"color: #000000\">S&gt; 10:00-15:00<\/span><\/p><p>D - L&gt; Cerrado<\/p>\n\t\t\t<\/div>\n\n\t\t\t\t\t\t<\/div>\n\t\t\t\t<\/div>\n\t\t\t\t\t<\/div>\n\t\t<\/div>\n\t\t\t\t\t<\/div>\n\t\t<\/section>\n\t\t\t\t<section class=\"elementor-section elementor-top-section elementor-element elementor-element-c6ece87 elementor-section-boxed elementor-section-height-default elementor-section-height-default\" data-id=\"c6ece87\" data-element_type=\"section\" data-e-type=\"section\">\n\t\t\t\t\t\t<div class=\"elementor-container elementor-column-gap-no\">\n\t\t\t\t\t<div class=\"elementor-column elementor-col-100 elementor-top-column elementor-element elementor-element-1c57a1e\" data-id=\"1c57a1e\" data-element_type=\"column\" data-e-type=\"column\">\n\t\t\t<div class=\"elementor-widget-wrap elementor-element-populated\">\n\t\t\t\t\t\t<div class=\"elementor-element elementor-element-20dd0ce elementor-widget elementor-widget-pth-elementor-simple-text\" data-id=\"20dd0ce\" data-element_type=\"widget\" data-e-type=\"widget\" data-widget_type=\"pth-elementor-simple-text.default\">\n\t\t\t\t<div class=\"elementor-widget-container\">\n\t\t\t\t\t\n\t\t\t<div class=\"pth-simple-text pth-has-xxl-text pth-has-light-text pth-align-text-left\">\n\n\t\t\t\t<h3>Necessites alguna cosa?<\/h3>\n\t\t\t<\/div>\n\n\t\t\t\t\t\t<\/div>\n\t\t\t\t<\/div>\n\t\t\t\t<div class=\"elementor-element elementor-element-fb17197 elementor-widget elementor-widget-spacer\" data-id=\"fb17197\" data-element_type=\"widget\" data-e-type=\"widget\" data-widget_type=\"spacer.default\">\n\t\t\t\t<div class=\"elementor-widget-container\">\n\t\t\t\t\t\t\t<div class=\"elementor-spacer\">\n\t\t\t<div class=\"elementor-spacer-inner\"><\/div>\n\t\t<\/div>\n\t\t\t\t\t\t<\/div>\n\t\t\t\t<\/div>\n\t\t\t\t<div class=\"elementor-element elementor-element-b6bf33d elementor-widget elementor-widget-shortcode\" data-id=\"b6bf33d\" data-element_type=\"widget\" data-e-type=\"widget\" data-widget_type=\"shortcode.default\">\n\t\t\t\t<div class=\"elementor-widget-container\">\n\t\t\t\t\t\t\t<div class=\"elementor-shortcode\">\n<div class=\"wpcf7 no-js\" id=\"wpcf7-f2179-o1\" lang=\"ca\" dir=\"ltr\" data-wpcf7-id=\"2179\">\n<div class=\"screen-reader-response\"><p role=\"status\" aria-live=\"polite\" aria-atomic=\"true\"><\/p> <ul class=\"wp-block-list\"><\/ul><\/div>\n<form action=\"\/ca\/wp-json\/wp\/v2\/pages\/2146#wpcf7-f2179-o1\" method=\"post\" class=\"wpcf7-form init\" aria-label=\"Formulari de contacte\" novalidate=\"novalidate\" data-status=\"init\">\n<fieldset class=\"hidden-fields-container\"><input type=\"hidden\" name=\"_wpcf7\" value=\"2179\" \/><input type=\"hidden\" name=\"_wpcf7_version\" value=\"6.1.5\" \/><input type=\"hidden\" name=\"_wpcf7_locale\" value=\"ca\" \/><input type=\"hidden\" name=\"_wpcf7_unit_tag\" value=\"wpcf7-f2179-o1\" \/><input type=\"hidden\" name=\"_wpcf7_container_post\" value=\"0\" \/><input type=\"hidden\" name=\"_wpcf7_posted_data_hash\" value=\"\" \/><input type=\"hidden\" name=\"_wpcf7_recaptcha_response\" value=\"\" \/>\n<\/fieldset>\n<p><label>El teu nom <\/label><span class=\"wpcf7-form-control-wrap\" data-name=\"your-name\"><input size=\"40\" maxlength=\"400\" class=\"wpcf7-form-control wpcf7-text wpcf7-validates-as-required\" aria-required=\"true\" aria-invalid=\"false\" value=\"\" type=\"text\" name=\"your-name\" \/><\/span>\n<\/p>\n<p><label>El teu Email <\/label><span class=\"wpcf7-form-control-wrap\" data-name=\"your-email\"><input size=\"40\" maxlength=\"400\" class=\"wpcf7-form-control wpcf7-email wpcf7-validates-as-required wpcf7-text wpcf7-validates-as-email\" aria-required=\"true\" aria-invalid=\"false\" value=\"\" type=\"email\" name=\"your-email\" \/><\/span>\n<\/p>\n<p><label>El teu missatge<\/label><span class=\"wpcf7-form-control-wrap\" data-name=\"your-message\"><textarea cols=\"40\" rows=\"10\" maxlength=\"2000\" class=\"wpcf7-form-control wpcf7-textarea\" aria-invalid=\"false\" name=\"your-message\"><\/textarea><\/span>\n<\/p>\n<p><span class=\"wpcf7-form-control-wrap\" data-name=\"Aceptado\"><span class=\"wpcf7-form-control wpcf7-acceptance\"><span class=\"wpcf7-list-item\"><label><input type=\"checkbox\" name=\"Aceptado\" value=\"1\" aria-invalid=\"false\" \/><span class=\"wpcf7-list-item-label\">Accepto la <a href=\"\/politica-de-privacidad\" target=\"_blank\">Pol\u00edtica de Privadesa<\/a> del lloc web.<\/span><\/label><\/span><\/span><\/span>\n<\/p>\n<p><button id=\"submit\" class=\"wpcf7-form-control wpcf7-submit\">Enviar<\/button>\n<\/p><div class=\"wpcf7-response-output\" aria-hidden=\"true\"><\/div>\n<\/form>\n<\/div>\n<\/div>\n\t\t\t\t\t\t<\/div>\n\t\t\t\t<\/div>\n\t\t\t\t\t<\/div>\n\t\t<\/div>\n\t\t\t\t\t<\/div>\n\t\t<\/section>\n\t\t\t\t<section class=\"elementor-section elementor-top-section elementor-element elementor-element-e696b04 elementor-section-boxed elementor-section-height-default elementor-section-height-default\" data-id=\"e696b04\" data-element_type=\"section\" data-e-type=\"section\">\n\t\t\t\t\t\t<div class=\"elementor-container elementor-column-gap-no\">\n\t\t\t\t\t<div class=\"elementor-column elementor-col-100 elementor-top-column elementor-element elementor-element-dcdd008\" data-id=\"dcdd008\" data-element_type=\"column\" data-e-type=\"column\">\n\t\t\t<div class=\"elementor-widget-wrap elementor-element-populated\">\n\t\t\t\t\t\t<div class=\"elementor-element elementor-element-8dc2716 elementor-widget elementor-widget-image\" data-id=\"8dc2716\" data-element_type=\"widget\" data-e-type=\"widget\" data-widget_type=\"image.default\">\n\t\t\t\t<div class=\"elementor-widget-container\">\n\t\t\t\t\t\t\t\t\t\t\t\t\t\t\t<img decoding=\"async\" width=\"402\" height=\"115\" src=\"https:\/\/salon223.com\/wp-content\/uploads\/2024\/07\/LogosFinanciacionNegro.png\" class=\"attachment-large size-large wp-image-1806\" alt=\"\" \/>\t\t\t\t\t\t\t\t\t\t\t\t\t\t\t<\/div>\n\t\t\t\t<\/div>\n\t\t\t\t\t<\/div>\n\t\t<\/div>\n\t\t\t\t\t<\/div>\n\t\t<\/section>\n\t\t\t\t<\/div>\n\t\t","protected":false},"excerpt":{"rendered":"<p>Digues hola! Ens encanta parlar amb tu. Tel\u00e8fon: 931 29 04 58 Direcci\u00f3: C\/ del Consell de Cent, 223, local&hellip; <a class=\"more-link\" href=\"https:\/\/salon223.com\/ca\/contacte\/\">Read more &raquo;<\/a><\/p>\n","protected":false},"author":1,"featured_media":0,"parent":0,"menu_order":0,"comment_status":"closed","ping_status":"closed","template":"","meta":{"footnotes":""},"class_list":["post-2146","page","type-page","status-publish","hentry"],"yoast_head":"<!-- This site is optimized with the Yoast SEO plugin v27.5 - https:\/\/yoast.com\/product\/yoast-seo-wordpress\/ -->\n<title>Contacte - SALON 223<\/title>\n<meta name=\"robots\" content=\"index, follow, max-snippet:-1, max-image-preview:large, max-video-preview:-1\" \/>\n<link rel=\"canonical\" href=\"https:\/\/salon223.com\/ca\/contacte\/\" \/>\n<meta property=\"og:locale\" content=\"ca_ES\" \/>\n<meta property=\"og:type\" content=\"article\" \/>\n<meta property=\"og:title\" content=\"Contacte - SALON 223\" \/>\n<meta property=\"og:description\" content=\"Digues hola! Ens encanta parlar amb tu. Tel\u00e8fon: 931 29 04 58 Direcci\u00f3: C\/ del Consell de Cent, 223, local&hellip; Read more &raquo;\" \/>\n<meta property=\"og:url\" content=\"https:\/\/salon223.com\/ca\/contacte\/\" \/>\n<meta property=\"og:site_name\" content=\"SALON 223\" \/>\n<meta property=\"article:publisher\" content=\"https:\/\/www.facebook.com\/Salon223\/\" \/>\n<meta property=\"article:modified_time\" content=\"2024-07-16T17:08:23+00:00\" \/>\n<meta property=\"og:image\" content=\"https:\/\/salon223.com\/wp-content\/uploads\/2024\/07\/LogosFinanciacionNegro.png\" \/>\n<meta name=\"twitter:card\" content=\"summary_large_image\" \/>\n<script type=\"application\/ld+json\" class=\"yoast-schema-graph\">{\"@context\":\"https:\\\/\\\/schema.org\",\"@graph\":[{\"@type\":\"WebPage\",\"@id\":\"https:\\\/\\\/salon223.com\\\/ca\\\/contacte\\\/\",\"url\":\"https:\\\/\\\/salon223.com\\\/ca\\\/contacte\\\/\",\"name\":\"Contacte - SALON 223\",\"isPartOf\":{\"@id\":\"https:\\\/\\\/salon223.com\\\/#website\"},\"primaryImageOfPage\":{\"@id\":\"https:\\\/\\\/salon223.com\\\/ca\\\/contacte\\\/#primaryimage\"},\"image\":{\"@id\":\"https:\\\/\\\/salon223.com\\\/ca\\\/contacte\\\/#primaryimage\"},\"thumbnailUrl\":\"https:\\\/\\\/salon223.com\\\/wp-content\\\/uploads\\\/2024\\\/07\\\/LogosFinanciacionNegro.png\",\"datePublished\":\"2024-07-01T01:59:59+00:00\",\"dateModified\":\"2024-07-16T17:08:23+00:00\",\"breadcrumb\":{\"@id\":\"https:\\\/\\\/salon223.com\\\/ca\\\/contacte\\\/#breadcrumb\"},\"inLanguage\":\"ca\",\"potentialAction\":[{\"@type\":\"ReadAction\",\"target\":[\"https:\\\/\\\/salon223.com\\\/ca\\\/contacte\\\/\"]}]},{\"@type\":\"ImageObject\",\"inLanguage\":\"ca\",\"@id\":\"https:\\\/\\\/salon223.com\\\/ca\\\/contacte\\\/#primaryimage\",\"url\":\"https:\\\/\\\/salon223.com\\\/wp-content\\\/uploads\\\/2024\\\/07\\\/LogosFinanciacionNegro.png\",\"contentUrl\":\"https:\\\/\\\/salon223.com\\\/wp-content\\\/uploads\\\/2024\\\/07\\\/LogosFinanciacionNegro.png\"},{\"@type\":\"BreadcrumbList\",\"@id\":\"https:\\\/\\\/salon223.com\\\/ca\\\/contacte\\\/#breadcrumb\",\"itemListElement\":[{\"@type\":\"ListItem\",\"position\":1,\"name\":\"Portada\",\"item\":\"https:\\\/\\\/salon223.com\\\/ca\\\/\"},{\"@type\":\"ListItem\",\"position\":2,\"name\":\"Contacte\"}]},{\"@type\":\"WebSite\",\"@id\":\"https:\\\/\\\/salon223.com\\\/#website\",\"url\":\"https:\\\/\\\/salon223.com\\\/\",\"name\":\"Salon 223 - Peluquer\u00eda en Barcelona\",\"description\":\"Peluquer\u00eda innovadora, situada en el Eixample de Barcelona, donde se fusionan arte, dise\u00f1o y estilo creando nuevas tendencias.\",\"publisher\":{\"@id\":\"https:\\\/\\\/salon223.com\\\/#organization\"},\"potentialAction\":[{\"@type\":\"SearchAction\",\"target\":{\"@type\":\"EntryPoint\",\"urlTemplate\":\"https:\\\/\\\/salon223.com\\\/?s={search_term_string}\"},\"query-input\":{\"@type\":\"PropertyValueSpecification\",\"valueRequired\":true,\"valueName\":\"search_term_string\"}}],\"inLanguage\":\"ca\"},{\"@type\":\"Organization\",\"@id\":\"https:\\\/\\\/salon223.com\\\/#organization\",\"name\":\"Salon 223\",\"url\":\"https:\\\/\\\/salon223.com\\\/\",\"logo\":{\"@type\":\"ImageObject\",\"inLanguage\":\"ca\",\"@id\":\"https:\\\/\\\/salon223.com\\\/#\\\/schema\\\/logo\\\/image\\\/\",\"url\":\"https:\\\/\\\/salon223.com\\\/wp-content\\\/uploads\\\/2024\\\/07\\\/Logo223_Color.webp\",\"contentUrl\":\"https:\\\/\\\/salon223.com\\\/wp-content\\\/uploads\\\/2024\\\/07\\\/Logo223_Color.webp\",\"width\":100,\"height\":100,\"caption\":\"Salon 223\"},\"image\":{\"@id\":\"https:\\\/\\\/salon223.com\\\/#\\\/schema\\\/logo\\\/image\\\/\"},\"sameAs\":[\"https:\\\/\\\/www.facebook.com\\\/Salon223\\\/\",\"https:\\\/\\\/www.instagram.com\\\/salon223\\\/\"]}]}<\/script>\n<!-- \/ Yoast SEO plugin. -->","yoast_head_json":{"title":"Contacte - SALON 223","robots":{"index":"index","follow":"follow","max-snippet":"max-snippet:-1","max-image-preview":"max-image-preview:large","max-video-preview":"max-video-preview:-1"},"canonical":"https:\/\/salon223.com\/ca\/contacte\/","og_locale":"ca_ES","og_type":"article","og_title":"Contacte - SALON 223","og_description":"Digues hola! Ens encanta parlar amb tu. Tel\u00e8fon: 931 29 04 58 Direcci\u00f3: C\/ del Consell de Cent, 223, local&hellip; Read more &raquo;","og_url":"https:\/\/salon223.com\/ca\/contacte\/","og_site_name":"SALON 223","article_publisher":"https:\/\/www.facebook.com\/Salon223\/","article_modified_time":"2024-07-16T17:08:23+00:00","og_image":[{"url":"https:\/\/salon223.com\/wp-content\/uploads\/2024\/07\/LogosFinanciacionNegro.png","type":"","width":"","height":""}],"twitter_card":"summary_large_image","schema":{"@context":"https:\/\/schema.org","@graph":[{"@type":"WebPage","@id":"https:\/\/salon223.com\/ca\/contacte\/","url":"https:\/\/salon223.com\/ca\/contacte\/","name":"Contacte - SALON 223","isPartOf":{"@id":"https:\/\/salon223.com\/#website"},"primaryImageOfPage":{"@id":"https:\/\/salon223.com\/ca\/contacte\/#primaryimage"},"image":{"@id":"https:\/\/salon223.com\/ca\/contacte\/#primaryimage"},"thumbnailUrl":"https:\/\/salon223.com\/wp-content\/uploads\/2024\/07\/LogosFinanciacionNegro.png","datePublished":"2024-07-01T01:59:59+00:00","dateModified":"2024-07-16T17:08:23+00:00","breadcrumb":{"@id":"https:\/\/salon223.com\/ca\/contacte\/#breadcrumb"},"inLanguage":"ca","potentialAction":[{"@type":"ReadAction","target":["https:\/\/salon223.com\/ca\/contacte\/"]}]},{"@type":"ImageObject","inLanguage":"ca","@id":"https:\/\/salon223.com\/ca\/contacte\/#primaryimage","url":"https:\/\/salon223.com\/wp-content\/uploads\/2024\/07\/LogosFinanciacionNegro.png","contentUrl":"https:\/\/salon223.com\/wp-content\/uploads\/2024\/07\/LogosFinanciacionNegro.png"},{"@type":"BreadcrumbList","@id":"https:\/\/salon223.com\/ca\/contacte\/#breadcrumb","itemListElement":[{"@type":"ListItem","position":1,"name":"Portada","item":"https:\/\/salon223.com\/ca\/"},{"@type":"ListItem","position":2,"name":"Contacte"}]},{"@type":"WebSite","@id":"https:\/\/salon223.com\/#website","url":"https:\/\/salon223.com\/","name":"Salon 223 - Peluquer\u00eda en Barcelona","description":"Peluquer\u00eda innovadora, situada en el Eixample de Barcelona, donde se fusionan arte, dise\u00f1o y estilo creando nuevas tendencias.","publisher":{"@id":"https:\/\/salon223.com\/#organization"},"potentialAction":[{"@type":"SearchAction","target":{"@type":"EntryPoint","urlTemplate":"https:\/\/salon223.com\/?s={search_term_string}"},"query-input":{"@type":"PropertyValueSpecification","valueRequired":true,"valueName":"search_term_string"}}],"inLanguage":"ca"},{"@type":"Organization","@id":"https:\/\/salon223.com\/#organization","name":"Salon 223","url":"https:\/\/salon223.com\/","logo":{"@type":"ImageObject","inLanguage":"ca","@id":"https:\/\/salon223.com\/#\/schema\/logo\/image\/","url":"https:\/\/salon223.com\/wp-content\/uploads\/2024\/07\/Logo223_Color.webp","contentUrl":"https:\/\/salon223.com\/wp-content\/uploads\/2024\/07\/Logo223_Color.webp","width":100,"height":100,"caption":"Salon 223"},"image":{"@id":"https:\/\/salon223.com\/#\/schema\/logo\/image\/"},"sameAs":["https:\/\/www.facebook.com\/Salon223\/","https:\/\/www.instagram.com\/salon223\/"]}]}},"_links":{"self":[{"href":"https:\/\/salon223.com\/ca\/wp-json\/wp\/v2\/pages\/2146","targetHints":{"allow":["GET"]}}],"collection":[{"href":"https:\/\/salon223.com\/ca\/wp-json\/wp\/v2\/pages"}],"about":[{"href":"https:\/\/salon223.com\/ca\/wp-json\/wp\/v2\/types\/page"}],"author":[{"embeddable":true,"href":"https:\/\/salon223.com\/ca\/wp-json\/wp\/v2\/users\/1"}],"replies":[{"embeddable":true,"href":"https:\/\/salon223.com\/ca\/wp-json\/wp\/v2\/comments?post=2146"}],"version-history":[{"count":3,"href":"https:\/\/salon223.com\/ca\/wp-json\/wp\/v2\/pages\/2146\/revisions"}],"predecessor-version":[{"id":2207,"href":"https:\/\/salon223.com\/ca\/wp-json\/wp\/v2\/pages\/2146\/revisions\/2207"}],"wp:attachment":[{"href":"https:\/\/salon223.com\/ca\/wp-json\/wp\/v2\/media?parent=2146"}],"curies":[{"name":"wp","href":"https:\/\/api.w.org\/{rel}","templated":true}]}}