{"id":2144,"date":"2024-07-10T07:51:05","date_gmt":"2024-07-10T07:51:05","guid":{"rendered":"https:\/\/salon223.im3dia.net\/manifest\/"},"modified":"2025-03-13T07:38:29","modified_gmt":"2025-03-13T07:38:29","slug":"manifest","status":"publish","type":"page","link":"https:\/\/salon223.com\/ca\/manifest\/","title":{"rendered":"Manifest"},"content":{"rendered":"\t\t<div data-elementor-type=\"wp-page\" data-elementor-id=\"2144\" class=\"elementor elementor-2144 elementor-1632\" data-elementor-post-type=\"page\">\n\t\t\t\t\t\t<section class=\"elementor-section elementor-top-section elementor-element elementor-element-1943de47 elementor-section-boxed elementor-section-height-default elementor-section-height-default\" data-id=\"1943de47\" data-element_type=\"section\" data-e-type=\"section\">\n\t\t\t\t\t\t<div class=\"elementor-container elementor-column-gap-no\">\n\t\t\t\t\t<div class=\"elementor-column elementor-col-100 elementor-top-column elementor-element elementor-element-63365551\" data-id=\"63365551\" data-element_type=\"column\" data-e-type=\"column\">\n\t\t\t<div class=\"elementor-widget-wrap elementor-element-populated\">\n\t\t\t\t\t\t<div class=\"elementor-element elementor-element-c562178 elementor-widget elementor-widget-heading\" data-id=\"c562178\" data-element_type=\"widget\" data-e-type=\"widget\" data-widget_type=\"heading.default\">\n\t\t\t\t<div class=\"elementor-widget-container\">\n\t\t\t\t\t<h2 class=\"elementor-heading-title elementor-size-default\"><span style=\"font-family: var(--display-text-font-family);font-size: var(--display-text-xl);font-weight: var(--display-text-normal-weight);white-space: normal;color: var(--content-color);font-style: var(--text-normal-style)\">Manifest<\/span><\/h2>\t\t\t\t<\/div>\n\t\t\t\t<\/div>\n\t\t\t\t\t<\/div>\n\t\t<\/div>\n\t\t\t\t\t<\/div>\n\t\t<\/section>\n\t\t\t\t<section class=\"elementor-section elementor-top-section elementor-element elementor-element-a48e403 elementor-section-boxed elementor-section-height-default elementor-section-height-default\" data-id=\"a48e403\" data-element_type=\"section\" data-e-type=\"section\">\n\t\t\t\t\t\t<div class=\"elementor-container elementor-column-gap-no\">\n\t\t\t\t\t<div class=\"elementor-column elementor-col-100 elementor-top-column elementor-element elementor-element-6513cd4\" data-id=\"6513cd4\" data-element_type=\"column\" data-e-type=\"column\">\n\t\t\t<div class=\"elementor-widget-wrap elementor-element-populated\">\n\t\t\t\t\t\t<div class=\"elementor-element elementor-element-d200c6f elementor-widget elementor-widget-pth-elementor-creative-image\" data-id=\"d200c6f\" data-element_type=\"widget\" data-e-type=\"widget\" data-widget_type=\"pth-elementor-creative-image.default\">\n\t\t\t\t<div class=\"elementor-widget-container\">\n\t\t\t\t\t\n\t\t\t<div class=\"pth-creative-image pth-creative-image--style5 pth-overlap-bottom\">\n\t\t\t\t<div class=\"pth-creative-image__inner pth-l-height-100vh pth-t-height-80vh pth-height-60vh\">\n\n\t\t\t\t\t<img fetchpriority=\"high\" decoding=\"async\" width=\"1073\" height=\"1414\" src=\"https:\/\/salon223.com\/wp-content\/uploads\/2024\/07\/Manifiesto1.webp\" class=\"skip_lazy skip-lazy no-lazyload\" alt=\"\" sizes=\"100vw\" data-bottom-top=\"transform: translate3d(0,-150px,0)\" data-top-bottom=\"transform: translate3d(0,150px,0)\" loading=\"eager\" srcset=\"https:\/\/salon223.com\/wp-content\/uploads\/2024\/07\/Manifiesto1.webp 1073w, https:\/\/salon223.com\/wp-content\/uploads\/2024\/07\/Manifiesto1-480x633.webp 480w, https:\/\/salon223.com\/wp-content\/uploads\/2024\/07\/Manifiesto1-1024x1349.webp 1024w, https:\/\/salon223.com\/wp-content\/uploads\/2024\/07\/Manifiesto1-768x1012.webp 768w\" \/>\n\t\t\t\t<\/div>\n\t\t\t<\/div>\n\n\t\t\t\t\t\t<\/div>\n\t\t\t\t<\/div>\n\t\t\t\t\t<\/div>\n\t\t<\/div>\n\t\t\t\t\t<\/div>\n\t\t<\/section>\n\t\t\t\t<section class=\"elementor-section elementor-top-section elementor-element elementor-element-1110e0a elementor-section-boxed elementor-section-height-default elementor-section-height-default\" data-id=\"1110e0a\" data-element_type=\"section\" data-e-type=\"section\">\n\t\t\t\t\t\t<div class=\"elementor-container elementor-column-gap-no\">\n\t\t\t\t\t<div class=\"elementor-column elementor-col-100 elementor-top-column elementor-element elementor-element-a12971f\" data-id=\"a12971f\" data-element_type=\"column\" data-e-type=\"column\">\n\t\t\t<div class=\"elementor-widget-wrap elementor-element-populated\">\n\t\t\t\t\t\t<div class=\"elementor-element elementor-element-27b1d0d elementor-widget elementor-widget-pth-elementor-image-text\" data-id=\"27b1d0d\" data-element_type=\"widget\" data-e-type=\"widget\" data-widget_type=\"pth-elementor-image-text.default\">\n\t\t\t\t<div class=\"elementor-widget-container\">\n\t\t\t\t\t\n\t\t\t<div class=\"pth-image-text-combo pth-image-text-combo--style1 pth-overlap-top\">\n\t\t\t\t<div class=\"pth-image-text-combo__image pth-l-height-90vh pth-t-height-80vh pth-height-60vh\">\n\n\t\t\t\t\t<img decoding=\"async\" width=\"1073\" height=\"1414\" src=\"https:\/\/salon223.com\/wp-content\/uploads\/2024\/07\/Manifiesto3.webp\" class=\"skip_lazy skip-lazy no-lazyload\" alt=\"\" sizes=\"100vw\" data-bottom-top=\"transform: translate3d(0,-150px,0)\" data-top-bottom=\"transform: translate3d(0,150px,0)\" loading=\"eager\" srcset=\"https:\/\/salon223.com\/wp-content\/uploads\/2024\/07\/Manifiesto3.webp 1073w, https:\/\/salon223.com\/wp-content\/uploads\/2024\/07\/Manifiesto3-480x633.webp 480w, https:\/\/salon223.com\/wp-content\/uploads\/2024\/07\/Manifiesto3-1024x1349.webp 1024w, https:\/\/salon223.com\/wp-content\/uploads\/2024\/07\/Manifiesto3-768x1012.webp 768w\" \/>\n\t\t\t\t<\/div>\n\t\t\t\t<div class=\"pth-image-text-combo__text  pth-align-items-bottom\">\n\t\t\t\t\t<p class=\"pth-has-xxl-text pth-has-light-text\">\n\t\t\t\t\t\tLa perruqueria, com qualsevol expressi\u00f3 art\u00edstica, \u00e9s una forma d'expressi\u00f3, una manera de veure i experimentar el m\u00f3n. De plasmar les nostres inquietuds, experi\u00e8ncies i entusiasme.<br \/>\n\t\t\t\t\t<\/p>\n\t\t\t\t<\/div>\n\t\t\t<\/div>\n\n\t\t\t\t\t\t<\/div>\n\t\t\t\t<\/div>\n\t\t\t\t\t<\/div>\n\t\t<\/div>\n\t\t\t\t\t<\/div>\n\t\t<\/section>\n\t\t\t\t<section class=\"elementor-section elementor-top-section elementor-element elementor-element-b3cca28 elementor-section-boxed elementor-section-height-default elementor-section-height-default\" data-id=\"b3cca28\" data-element_type=\"section\" data-e-type=\"section\">\n\t\t\t\t\t\t<div class=\"elementor-container elementor-column-gap-no\">\n\t\t\t\t\t<div class=\"elementor-column elementor-col-100 elementor-top-column elementor-element elementor-element-9f1bb8b\" data-id=\"9f1bb8b\" data-element_type=\"column\" data-e-type=\"column\">\n\t\t\t<div class=\"elementor-widget-wrap elementor-element-populated\">\n\t\t\t\t\t\t<div class=\"elementor-element elementor-element-7c6328c elementor-widget elementor-widget-pth-elementor-creative-image\" data-id=\"7c6328c\" data-element_type=\"widget\" data-e-type=\"widget\" data-widget_type=\"pth-elementor-creative-image.default\">\n\t\t\t\t<div class=\"elementor-widget-container\">\n\t\t\t\t\t\n\t\t\t<div class=\"pth-creative-image pth-creative-image--style5 pth-overlap-bottom\">\n\t\t\t\t<div class=\"pth-creative-image__inner pth-l-height-100vh pth-t-height-80vh pth-height-60vh\">\n\n\t\t\t\t\t<img decoding=\"async\" width=\"1073\" height=\"1414\" src=\"https:\/\/salon223.com\/wp-content\/uploads\/2024\/07\/Manifiesto4.webp\" class=\"skip_lazy skip-lazy no-lazyload\" alt=\"\" sizes=\"100vw\" data-bottom-top=\"transform: translate3d(0,-150px,0)\" data-top-bottom=\"transform: translate3d(0,150px,0)\" loading=\"eager\" srcset=\"https:\/\/salon223.com\/wp-content\/uploads\/2024\/07\/Manifiesto4.webp 1073w, https:\/\/salon223.com\/wp-content\/uploads\/2024\/07\/Manifiesto4-480x633.webp 480w, https:\/\/salon223.com\/wp-content\/uploads\/2024\/07\/Manifiesto4-1024x1349.webp 1024w, https:\/\/salon223.com\/wp-content\/uploads\/2024\/07\/Manifiesto4-768x1012.webp 768w\" \/>\n\t\t\t\t<\/div>\n\t\t\t<\/div>\n\n\t\t\t\t\t\t<\/div>\n\t\t\t\t<\/div>\n\t\t\t\t\t<\/div>\n\t\t<\/div>\n\t\t\t\t\t<\/div>\n\t\t<\/section>\n\t\t\t\t<section class=\"elementor-section elementor-top-section elementor-element elementor-element-1aeb496 elementor-section-boxed elementor-section-height-default elementor-section-height-default\" data-id=\"1aeb496\" data-element_type=\"section\" data-e-type=\"section\">\n\t\t\t\t\t\t<div class=\"elementor-container elementor-column-gap-no\">\n\t\t\t\t\t<div class=\"elementor-column elementor-col-100 elementor-top-column elementor-element elementor-element-7fdea6b\" data-id=\"7fdea6b\" data-element_type=\"column\" data-e-type=\"column\">\n\t\t\t<div class=\"elementor-widget-wrap elementor-element-populated\">\n\t\t\t\t\t\t<div class=\"elementor-element elementor-element-a702f62 elementor-widget elementor-widget-pth-elementor-image-text\" data-id=\"a702f62\" data-element_type=\"widget\" data-e-type=\"widget\" data-widget_type=\"pth-elementor-image-text.default\">\n\t\t\t\t<div class=\"elementor-widget-container\">\n\t\t\t\t\t\n\t\t\t<div class=\"pth-image-text-combo pth-image-text-combo--style1 pth-overlap-top\">\n\t\t\t\t<div class=\"pth-image-text-combo__image pth-l-height-90vh pth-t-height-80vh pth-height-60vh\">\n\n\t\t\t\t\t<img decoding=\"async\" width=\"1073\" height=\"1414\" src=\"https:\/\/salon223.com\/wp-content\/uploads\/2024\/07\/Manifiesto5.webp\" class=\"skip_lazy skip-lazy no-lazyload\" alt=\"\" sizes=\"100vw\" data-bottom-top=\"transform: translate3d(0,-150px,0)\" data-top-bottom=\"transform: translate3d(0,150px,0)\" loading=\"eager\" srcset=\"https:\/\/salon223.com\/wp-content\/uploads\/2024\/07\/Manifiesto5.webp 1073w, https:\/\/salon223.com\/wp-content\/uploads\/2024\/07\/Manifiesto5-480x633.webp 480w, https:\/\/salon223.com\/wp-content\/uploads\/2024\/07\/Manifiesto5-1024x1349.webp 1024w, https:\/\/salon223.com\/wp-content\/uploads\/2024\/07\/Manifiesto5-768x1012.webp 768w\" \/>\n\t\t\t\t<\/div>\n\t\t\t\t<div class=\"pth-image-text-combo__text  pth-align-items-bottom\">\n\t\t\t\t\t<p class=\"pth-has-xxl-text pth-has-light-text\">\n\t\t\t\t\t\tEl comprom\u00eds cap a les nostres clientes \u00e9s indestructible, elles confien en el nostre criteri i experi\u00e8ncia al llarg dels anys.<br \/>\n<br \/>\nAcaronem, cuidem i tractem de la millor i \u00fanica manera que sabem a cadascuna de les persones que entra a la nostra \u201ccasa\u201d.<br \/>\n\t\t\t\t\t<\/p>\n\t\t\t\t<\/div>\n\t\t\t<\/div>\n\n\t\t\t\t\t\t<\/div>\n\t\t\t\t<\/div>\n\t\t\t\t\t<\/div>\n\t\t<\/div>\n\t\t\t\t\t<\/div>\n\t\t<\/section>\n\t\t\t\t<section class=\"elementor-section elementor-top-section elementor-element elementor-element-3a0b3bb elementor-section-height-min-height elementor-section-boxed elementor-section-height-default elementor-section-items-middle\" data-id=\"3a0b3bb\" data-element_type=\"section\" data-e-type=\"section\">\n\t\t\t\t\t\t<div class=\"elementor-container elementor-column-gap-no\">\n\t\t\t\t\t<div class=\"elementor-column elementor-col-100 elementor-top-column elementor-element elementor-element-a86909f\" data-id=\"a86909f\" data-element_type=\"column\" data-e-type=\"column\">\n\t\t\t<div class=\"elementor-widget-wrap elementor-element-populated\">\n\t\t\t\t\t\t<div class=\"elementor-element elementor-element-1d31b31 elementor-widget elementor-widget-pth-elementor-text-marquee\" data-id=\"1d31b31\" data-element_type=\"widget\" data-e-type=\"widget\" data-widget_type=\"pth-elementor-text-marquee.default\">\n\t\t\t\t<div class=\"elementor-widget-container\">\n\t\t\t\t\t\n\t\t\t<div class=\"pth-text-marquee\" data-skew data-skew-horizontal data-skew-multiplier=\".4\" style=\"--text-marquee-multiplier:7.6923076923077;\">\n\t\t\t\t<div class=\"pth-text-marquee__outer\" data-bottom-top=\"transform: translate3d(0vw,0,0);\" data-top-bottom=\"transform: translate3d(-10vw,0,0);\">\n\t\t\t\t\t<div class=\"pth-text-marquee__inner\">\n\n\t\t\t\t\t\t\n\t\t\t\t\t\t\t<span>Salon223<\/span>\n\n\t\t\t\t\t\t\n\t\t\t\t\t\t\t<span>Salon223<\/span>\n\n\t\t\t\t\t\t\n\t\t\t\t\t\t\t<span>Salon223<\/span>\n\n\t\t\t\t\t\t\n\t\t\t\t\t\t\t<span>Salon223<\/span>\n\n\t\t\t\t\t\t\n\t\t\t\t\t\t\t<span>Salon223<\/span>\n\n\t\t\t\t\t\t\n\t\t\t\t\t\t\t<span>Salon223<\/span>\n\n\t\t\t\t\t\t\n\t\t\t\t\t\t\t<span>Salon223<\/span>\n\n\t\t\t\t\t\t\n\t\t\t\t\t\t\t<span>Salon223<\/span>\n\n\t\t\t\t\t\t\n\t\t\t\t\t\t\t<span>Salon223<\/span>\n\n\t\t\t\t\t\t\n\t\t\t\t\t\t\t<span>Salon223<\/span>\n\n\t\t\t\t\t\t\n\t\t\t\t\t\t\t<span>Salon223<\/span>\n\n\t\t\t\t\t\t\n\t\t\t\t\t\t\t<span>Salon223<\/span>\n\n\t\t\t\t\t\t\n\t\t\t\t\t\t\t<span>Salon223<\/span>\n\n\t\t\t\t\t\t\n\t\t\t\t\t\t\t<span>Salon223<\/span>\n\n\t\t\t\t\t\t\n\t\t\t\t\t<\/div>\n\t\t\t\t<\/div>\n\t\t\t<\/div>\n\n\t\t\t\t\t\t<\/div>\n\t\t\t\t<\/div>\n\t\t\t\t\t<\/div>\n\t\t<\/div>\n\t\t\t\t\t<\/div>\n\t\t<\/section>\n\t\t\t\t<section class=\"elementor-section elementor-top-section elementor-element elementor-element-d884c8e elementor-section-boxed elementor-section-height-default elementor-section-height-default\" data-id=\"d884c8e\" data-element_type=\"section\" data-e-type=\"section\">\n\t\t\t\t\t\t<div class=\"elementor-container elementor-column-gap-no\">\n\t\t\t\t\t<div class=\"elementor-column elementor-col-100 elementor-top-column elementor-element elementor-element-57ef711\" data-id=\"57ef711\" data-element_type=\"column\" data-e-type=\"column\">\n\t\t\t<div class=\"elementor-widget-wrap elementor-element-populated\">\n\t\t\t\t\t\t<div class=\"elementor-element elementor-element-a35020c elementor-widget elementor-widget-pth-elementor-creative-image\" data-id=\"a35020c\" data-element_type=\"widget\" data-e-type=\"widget\" data-widget_type=\"pth-elementor-creative-image.default\">\n\t\t\t\t<div class=\"elementor-widget-container\">\n\t\t\t\t\t\n\t\t\t<div class=\"pth-creative-image pth-creative-image--style1\">\n\t\t\t\t<div class=\"pth-creative-image__inner\">\n\n\t\t\t\t\t<img decoding=\"async\" width=\"791\" height=\"1412\" src=\"https:\/\/salon223.com\/wp-content\/uploads\/2024\/07\/Manifiesto2.webp\" class=\"skip_lazy skip-lazy no-lazyload\" alt=\"\" sizes=\"100vw\" data-bottom-top=\"transform: translate3d(0,-150px,0)\" data-top-bottom=\"transform: translate3d(0,150px,0)\" loading=\"eager\" srcset=\"https:\/\/salon223.com\/wp-content\/uploads\/2024\/07\/Manifiesto2.webp 791w, https:\/\/salon223.com\/wp-content\/uploads\/2024\/07\/Manifiesto2-480x857.webp 480w, https:\/\/salon223.com\/wp-content\/uploads\/2024\/07\/Manifiesto2-768x1371.webp 768w\" \/>\n\t\t\t\t<\/div>\n\t\t\t<\/div>\n\n\t\t\t\t\t\t<\/div>\n\t\t\t\t<\/div>\n\t\t\t\t\t<\/div>\n\t\t<\/div>\n\t\t\t\t\t<\/div>\n\t\t<\/section>\n\t\t\t\t<section class=\"elementor-section elementor-top-section elementor-element elementor-element-4c69475e elementor-section-boxed elementor-section-height-default elementor-section-height-default\" data-id=\"4c69475e\" data-element_type=\"section\" data-e-type=\"section\">\n\t\t\t\t\t\t<div class=\"elementor-container elementor-column-gap-no\">\n\t\t\t\t\t<div class=\"elementor-column elementor-col-100 elementor-top-column elementor-element elementor-element-7e299610\" data-id=\"7e299610\" data-element_type=\"column\" data-e-type=\"column\">\n\t\t\t<div class=\"elementor-widget-wrap elementor-element-populated\">\n\t\t\t\t\t\t<div class=\"elementor-element elementor-element-4d2e362 elementor-invisible elementor-widget elementor-widget-text-editor\" data-id=\"4d2e362\" data-element_type=\"widget\" data-e-type=\"widget\" data-settings=\"{&quot;_animation&quot;:&quot;fadeInUp&quot;}\" data-widget_type=\"text-editor.default\">\n\t\t\t\t<div class=\"elementor-widget-container\">\n\t\t\t\t\t\t\t\t\t<h3> <\/h3>\n<h3 style=\"text-align: center;\">Creiem en un servei \u00edntegre on l&#8217;excepcionalitat, els coneixements i el preu vagin de la m\u00e0.<\/h3>\n\t\t\t\t\t\t\t\t<\/div>\n\t\t\t\t<\/div>\n\t\t\t\t\t<\/div>\n\t\t<\/div>\n\t\t\t\t\t<\/div>\n\t\t<\/section>\n\t\t\t\t<section class=\"elementor-section elementor-top-section elementor-element elementor-element-fc3658e elementor-section-boxed elementor-section-height-default elementor-section-height-default\" data-id=\"fc3658e\" data-element_type=\"section\" data-e-type=\"section\">\n\t\t\t\t\t\t<div class=\"elementor-container elementor-column-gap-no\">\n\t\t\t\t\t<div class=\"elementor-column elementor-col-100 elementor-top-column elementor-element elementor-element-214f139\" data-id=\"214f139\" data-element_type=\"column\" data-e-type=\"column\">\n\t\t\t<div class=\"elementor-widget-wrap elementor-element-populated\">\n\t\t\t\t\t\t<div class=\"elementor-element elementor-element-001889b elementor-widget elementor-widget-image\" data-id=\"001889b\" data-element_type=\"widget\" data-e-type=\"widget\" data-widget_type=\"image.default\">\n\t\t\t\t<div class=\"elementor-widget-container\">\n\t\t\t\t\t\t\t\t\t\t\t\t\t\t\t<img decoding=\"async\" width=\"402\" height=\"115\" src=\"https:\/\/salon223.com\/wp-content\/uploads\/2024\/07\/LogosFinanciacionNegro.png\" class=\"attachment-large size-large wp-image-2125\" alt=\"\" \/>\t\t\t\t\t\t\t\t\t\t\t\t\t\t\t<\/div>\n\t\t\t\t<\/div>\n\t\t\t\t\t<\/div>\n\t\t<\/div>\n\t\t\t\t\t<\/div>\n\t\t<\/section>\n\t\t\t\t<\/div>\n\t\t","protected":false},"excerpt":{"rendered":"<p>Manifest La perruqueria, com qualsevol expressi\u00f3 art\u00edstica, \u00e9s una forma d&#8217;expressi\u00f3, una manera de veure i experimentar el m\u00f3n. De&hellip; <a class=\"more-link\" href=\"https:\/\/salon223.com\/ca\/manifest\/\">Read more &raquo;<\/a><\/p>\n","protected":false},"author":1,"featured_media":0,"parent":0,"menu_order":0,"comment_status":"closed","ping_status":"closed","template":"","meta":{"footnotes":""},"class_list":["post-2144","page","type-page","status-publish","hentry"],"yoast_head":"<!-- This site is optimized with the Yoast SEO plugin v27.5 - https:\/\/yoast.com\/product\/yoast-seo-wordpress\/ -->\n<title>Manifest - SALON 223<\/title>\n<meta name=\"robots\" content=\"index, follow, max-snippet:-1, max-image-preview:large, max-video-preview:-1\" \/>\n<link rel=\"canonical\" href=\"https:\/\/salon223.com\/ca\/manifest\/\" \/>\n<meta property=\"og:locale\" content=\"ca_ES\" \/>\n<meta property=\"og:type\" content=\"article\" \/>\n<meta property=\"og:title\" content=\"Manifest - SALON 223\" \/>\n<meta property=\"og:description\" content=\"Manifest La perruqueria, com qualsevol expressi\u00f3 art\u00edstica, \u00e9s una forma d&#8217;expressi\u00f3, una manera de veure i experimentar el m\u00f3n. De&hellip; Read more &raquo;\" \/>\n<meta property=\"og:url\" content=\"https:\/\/salon223.com\/ca\/manifest\/\" \/>\n<meta property=\"og:site_name\" content=\"SALON 223\" \/>\n<meta property=\"article:publisher\" content=\"https:\/\/www.facebook.com\/Salon223\/\" \/>\n<meta property=\"article:modified_time\" content=\"2025-03-13T07:38:29+00:00\" \/>\n<meta property=\"og:image\" content=\"https:\/\/salon223.com\/wp-content\/uploads\/2024\/07\/Manifiesto1.webp\" \/>\n<meta name=\"twitter:card\" content=\"summary_large_image\" \/>\n<meta name=\"twitter:label1\" content=\"Temps estimat de lectura\" \/>\n\t<meta name=\"twitter:data1\" content=\"2 minuts\" \/>\n<script type=\"application\/ld+json\" class=\"yoast-schema-graph\">{\"@context\":\"https:\\\/\\\/schema.org\",\"@graph\":[{\"@type\":\"WebPage\",\"@id\":\"https:\\\/\\\/salon223.com\\\/ca\\\/manifest\\\/\",\"url\":\"https:\\\/\\\/salon223.com\\\/ca\\\/manifest\\\/\",\"name\":\"Manifest - SALON 223\",\"isPartOf\":{\"@id\":\"https:\\\/\\\/salon223.com\\\/#website\"},\"primaryImageOfPage\":{\"@id\":\"https:\\\/\\\/salon223.com\\\/ca\\\/manifest\\\/#primaryimage\"},\"image\":{\"@id\":\"https:\\\/\\\/salon223.com\\\/ca\\\/manifest\\\/#primaryimage\"},\"thumbnailUrl\":\"https:\\\/\\\/salon223.com\\\/wp-content\\\/uploads\\\/2024\\\/07\\\/Manifiesto1.webp\",\"datePublished\":\"2024-07-10T07:51:05+00:00\",\"dateModified\":\"2025-03-13T07:38:29+00:00\",\"breadcrumb\":{\"@id\":\"https:\\\/\\\/salon223.com\\\/ca\\\/manifest\\\/#breadcrumb\"},\"inLanguage\":\"ca\",\"potentialAction\":[{\"@type\":\"ReadAction\",\"target\":[\"https:\\\/\\\/salon223.com\\\/ca\\\/manifest\\\/\"]}]},{\"@type\":\"ImageObject\",\"inLanguage\":\"ca\",\"@id\":\"https:\\\/\\\/salon223.com\\\/ca\\\/manifest\\\/#primaryimage\",\"url\":\"https:\\\/\\\/salon223.com\\\/wp-content\\\/uploads\\\/2024\\\/07\\\/Manifiesto1.webp\",\"contentUrl\":\"https:\\\/\\\/salon223.com\\\/wp-content\\\/uploads\\\/2024\\\/07\\\/Manifiesto1.webp\"},{\"@type\":\"BreadcrumbList\",\"@id\":\"https:\\\/\\\/salon223.com\\\/ca\\\/manifest\\\/#breadcrumb\",\"itemListElement\":[{\"@type\":\"ListItem\",\"position\":1,\"name\":\"Portada\",\"item\":\"https:\\\/\\\/salon223.com\\\/ca\\\/\"},{\"@type\":\"ListItem\",\"position\":2,\"name\":\"Manifest\"}]},{\"@type\":\"WebSite\",\"@id\":\"https:\\\/\\\/salon223.com\\\/#website\",\"url\":\"https:\\\/\\\/salon223.com\\\/\",\"name\":\"Salon 223 - Peluquer\u00eda en Barcelona\",\"description\":\"Peluquer\u00eda innovadora, situada en el Eixample de Barcelona, donde se fusionan arte, dise\u00f1o y estilo creando nuevas tendencias.\",\"publisher\":{\"@id\":\"https:\\\/\\\/salon223.com\\\/#organization\"},\"potentialAction\":[{\"@type\":\"SearchAction\",\"target\":{\"@type\":\"EntryPoint\",\"urlTemplate\":\"https:\\\/\\\/salon223.com\\\/?s={search_term_string}\"},\"query-input\":{\"@type\":\"PropertyValueSpecification\",\"valueRequired\":true,\"valueName\":\"search_term_string\"}}],\"inLanguage\":\"ca\"},{\"@type\":\"Organization\",\"@id\":\"https:\\\/\\\/salon223.com\\\/#organization\",\"name\":\"Salon 223\",\"url\":\"https:\\\/\\\/salon223.com\\\/\",\"logo\":{\"@type\":\"ImageObject\",\"inLanguage\":\"ca\",\"@id\":\"https:\\\/\\\/salon223.com\\\/#\\\/schema\\\/logo\\\/image\\\/\",\"url\":\"https:\\\/\\\/salon223.com\\\/wp-content\\\/uploads\\\/2024\\\/07\\\/Logo223_Color.webp\",\"contentUrl\":\"https:\\\/\\\/salon223.com\\\/wp-content\\\/uploads\\\/2024\\\/07\\\/Logo223_Color.webp\",\"width\":100,\"height\":100,\"caption\":\"Salon 223\"},\"image\":{\"@id\":\"https:\\\/\\\/salon223.com\\\/#\\\/schema\\\/logo\\\/image\\\/\"},\"sameAs\":[\"https:\\\/\\\/www.facebook.com\\\/Salon223\\\/\",\"https:\\\/\\\/www.instagram.com\\\/salon223\\\/\"]}]}<\/script>\n<!-- \/ Yoast SEO plugin. -->","yoast_head_json":{"title":"Manifest - SALON 223","robots":{"index":"index","follow":"follow","max-snippet":"max-snippet:-1","max-image-preview":"max-image-preview:large","max-video-preview":"max-video-preview:-1"},"canonical":"https:\/\/salon223.com\/ca\/manifest\/","og_locale":"ca_ES","og_type":"article","og_title":"Manifest - SALON 223","og_description":"Manifest La perruqueria, com qualsevol expressi\u00f3 art\u00edstica, \u00e9s una forma d&#8217;expressi\u00f3, una manera de veure i experimentar el m\u00f3n. De&hellip; Read more &raquo;","og_url":"https:\/\/salon223.com\/ca\/manifest\/","og_site_name":"SALON 223","article_publisher":"https:\/\/www.facebook.com\/Salon223\/","article_modified_time":"2025-03-13T07:38:29+00:00","og_image":[{"url":"https:\/\/salon223.com\/wp-content\/uploads\/2024\/07\/Manifiesto1.webp","type":"","width":"","height":""}],"twitter_card":"summary_large_image","twitter_misc":{"Temps estimat de lectura":"2 minuts"},"schema":{"@context":"https:\/\/schema.org","@graph":[{"@type":"WebPage","@id":"https:\/\/salon223.com\/ca\/manifest\/","url":"https:\/\/salon223.com\/ca\/manifest\/","name":"Manifest - SALON 223","isPartOf":{"@id":"https:\/\/salon223.com\/#website"},"primaryImageOfPage":{"@id":"https:\/\/salon223.com\/ca\/manifest\/#primaryimage"},"image":{"@id":"https:\/\/salon223.com\/ca\/manifest\/#primaryimage"},"thumbnailUrl":"https:\/\/salon223.com\/wp-content\/uploads\/2024\/07\/Manifiesto1.webp","datePublished":"2024-07-10T07:51:05+00:00","dateModified":"2025-03-13T07:38:29+00:00","breadcrumb":{"@id":"https:\/\/salon223.com\/ca\/manifest\/#breadcrumb"},"inLanguage":"ca","potentialAction":[{"@type":"ReadAction","target":["https:\/\/salon223.com\/ca\/manifest\/"]}]},{"@type":"ImageObject","inLanguage":"ca","@id":"https:\/\/salon223.com\/ca\/manifest\/#primaryimage","url":"https:\/\/salon223.com\/wp-content\/uploads\/2024\/07\/Manifiesto1.webp","contentUrl":"https:\/\/salon223.com\/wp-content\/uploads\/2024\/07\/Manifiesto1.webp"},{"@type":"BreadcrumbList","@id":"https:\/\/salon223.com\/ca\/manifest\/#breadcrumb","itemListElement":[{"@type":"ListItem","position":1,"name":"Portada","item":"https:\/\/salon223.com\/ca\/"},{"@type":"ListItem","position":2,"name":"Manifest"}]},{"@type":"WebSite","@id":"https:\/\/salon223.com\/#website","url":"https:\/\/salon223.com\/","name":"Salon 223 - Peluquer\u00eda en Barcelona","description":"Peluquer\u00eda innovadora, situada en el Eixample de Barcelona, donde se fusionan arte, dise\u00f1o y estilo creando nuevas tendencias.","publisher":{"@id":"https:\/\/salon223.com\/#organization"},"potentialAction":[{"@type":"SearchAction","target":{"@type":"EntryPoint","urlTemplate":"https:\/\/salon223.com\/?s={search_term_string}"},"query-input":{"@type":"PropertyValueSpecification","valueRequired":true,"valueName":"search_term_string"}}],"inLanguage":"ca"},{"@type":"Organization","@id":"https:\/\/salon223.com\/#organization","name":"Salon 223","url":"https:\/\/salon223.com\/","logo":{"@type":"ImageObject","inLanguage":"ca","@id":"https:\/\/salon223.com\/#\/schema\/logo\/image\/","url":"https:\/\/salon223.com\/wp-content\/uploads\/2024\/07\/Logo223_Color.webp","contentUrl":"https:\/\/salon223.com\/wp-content\/uploads\/2024\/07\/Logo223_Color.webp","width":100,"height":100,"caption":"Salon 223"},"image":{"@id":"https:\/\/salon223.com\/#\/schema\/logo\/image\/"},"sameAs":["https:\/\/www.facebook.com\/Salon223\/","https:\/\/www.instagram.com\/salon223\/"]}]}},"_links":{"self":[{"href":"https:\/\/salon223.com\/ca\/wp-json\/wp\/v2\/pages\/2144","targetHints":{"allow":["GET"]}}],"collection":[{"href":"https:\/\/salon223.com\/ca\/wp-json\/wp\/v2\/pages"}],"about":[{"href":"https:\/\/salon223.com\/ca\/wp-json\/wp\/v2\/types\/page"}],"author":[{"embeddable":true,"href":"https:\/\/salon223.com\/ca\/wp-json\/wp\/v2\/users\/1"}],"replies":[{"embeddable":true,"href":"https:\/\/salon223.com\/ca\/wp-json\/wp\/v2\/comments?post=2144"}],"version-history":[{"count":3,"href":"https:\/\/salon223.com\/ca\/wp-json\/wp\/v2\/pages\/2144\/revisions"}],"predecessor-version":[{"id":2274,"href":"https:\/\/salon223.com\/ca\/wp-json\/wp\/v2\/pages\/2144\/revisions\/2274"}],"wp:attachment":[{"href":"https:\/\/salon223.com\/ca\/wp-json\/wp\/v2\/media?parent=2144"}],"curies":[{"name":"wp","href":"https:\/\/api.w.org\/{rel}","templated":true}]}}